{"id":1420,"date":"2022-11-23T21:09:44","date_gmt":"2022-11-23T21:09:44","guid":{"rendered":"https:\/\/autopecasanhanguera.com.br\/?post_type=product&#038;p=1420"},"modified":"2022-11-23T21:09:44","modified_gmt":"2022-11-23T21:09:44","slug":"rele-auxiliar-bomba-comb-uno-g","status":"publish","type":"product","link":"https:\/\/autopecasanhanguera.com.br\/index.php\/product\/rele-auxiliar-bomba-comb-uno-g\/","title":{"rendered":"RELE AUXILIAR BOMBA COMB UNO G"},"content":{"rendered":"<p>DESCRI\u00c7\u00c3O= RELE AUXILIAR BOMBA COMB UNO G C\u00d3DIGO DO FABRICANTE= DNI0330 TRA907000 MARCA = DNI<\/p>\n","protected":false},"excerpt":{"rendered":"<p>DESCRI\u00c7\u00c3O= RELE AUXILIAR BOMBA COMB UNO G C\u00d3DIGO DO FABRICANTE= DNI0330 TRA907000 MARCA = DNI<\/p>\n","protected":false},"featured_media":0,"template":"","meta":{"om_disable_all_campaigns":false,"_monsterinsights_skip_tracking":false,"_monsterinsights_sitenote_active":false,"_monsterinsights_sitenote_note":"","_monsterinsights_sitenote_category":0},"product_cat":[127],"product_tag":[],"aioseo_notices":[],"_links":{"self":[{"href":"https:\/\/autopecasanhanguera.com.br\/index.php\/wp-json\/wp\/v2\/product\/1420"}],"collection":[{"href":"https:\/\/autopecasanhanguera.com.br\/index.php\/wp-json\/wp\/v2\/product"}],"about":[{"href":"https:\/\/autopecasanhanguera.com.br\/index.php\/wp-json\/wp\/v2\/types\/product"}],"wp:attachment":[{"href":"https:\/\/autopecasanhanguera.com.br\/index.php\/wp-json\/wp\/v2\/media?parent=1420"}],"wp:term":[{"taxonomy":"product_cat","embeddable":true,"href":"https:\/\/autopecasanhanguera.com.br\/index.php\/wp-json\/wp\/v2\/product_cat?post=1420"},{"taxonomy":"product_tag","embeddable":true,"href":"https:\/\/autopecasanhanguera.com.br\/index.php\/wp-json\/wp\/v2\/product_tag?post=1420"}],"curies":[{"name":"wp","href":"https:\/\/api.w.org\/{rel}","templated":true}]}}