{"id":14215,"date":"2022-11-23T21:24:11","date_gmt":"2022-11-23T21:24:11","guid":{"rendered":"https:\/\/autopecasanhanguera.com.br\/?post_type=product&#038;p=14215"},"modified":"2022-11-23T21:24:11","modified_gmt":"2022-11-23T21:24:11","slug":"prato-mola-gol-g3-superior","status":"publish","type":"product","link":"https:\/\/autopecasanhanguera.com.br\/index.php\/product\/prato-mola-gol-g3-superior\/","title":{"rendered":"PRATO MOLA GOL G3 SUPERIOR"},"content":{"rendered":"<p>DESCRI\u00c7\u00c3O= PRATO MOLA GOL G3 SUPERIOR C\u00d3DIGO DO FABRICANTE= 0730297*43*TRR*2PC MARCA = NEW<\/p>\n","protected":false},"excerpt":{"rendered":"<p>DESCRI\u00c7\u00c3O= PRATO MOLA GOL G3 SUPERIOR C\u00d3DIGO DO FABRICANTE= 0730297*43*TRR*2PC MARCA = NEW<\/p>\n","protected":false},"featured_media":0,"template":"","meta":{"om_disable_all_campaigns":false,"_monsterinsights_skip_tracking":false,"_monsterinsights_sitenote_active":false,"_monsterinsights_sitenote_note":"","_monsterinsights_sitenote_category":0},"product_cat":[300],"product_tag":[],"aioseo_notices":[],"_links":{"self":[{"href":"https:\/\/autopecasanhanguera.com.br\/index.php\/wp-json\/wp\/v2\/product\/14215"}],"collection":[{"href":"https:\/\/autopecasanhanguera.com.br\/index.php\/wp-json\/wp\/v2\/product"}],"about":[{"href":"https:\/\/autopecasanhanguera.com.br\/index.php\/wp-json\/wp\/v2\/types\/product"}],"wp:attachment":[{"href":"https:\/\/autopecasanhanguera.com.br\/index.php\/wp-json\/wp\/v2\/media?parent=14215"}],"wp:term":[{"taxonomy":"product_cat","embeddable":true,"href":"https:\/\/autopecasanhanguera.com.br\/index.php\/wp-json\/wp\/v2\/product_cat?post=14215"},{"taxonomy":"product_tag","embeddable":true,"href":"https:\/\/autopecasanhanguera.com.br\/index.php\/wp-json\/wp\/v2\/product_tag?post=14215"}],"curies":[{"name":"wp","href":"https:\/\/api.w.org\/{rel}","templated":true}]}}