{"id":14263,"date":"2022-11-23T21:24:13","date_gmt":"2022-11-23T21:24:13","guid":{"rendered":"https:\/\/autopecasanhanguera.com.br\/?post_type=product&#038;p=14263"},"modified":"2022-11-23T21:24:13","modified_gmt":"2022-11-23T21:24:13","slug":"interruptor-vidro-eletrico-pal","status":"publish","type":"product","link":"https:\/\/autopecasanhanguera.com.br\/index.php\/product\/interruptor-vidro-eletrico-pal\/","title":{"rendered":"INTERRUPTOR VIDRO ELETRICO PAL"},"content":{"rendered":"<p>DESCRI\u00c7\u00c3O= INTERRUPTOR VIDRO ELETRICO PAL C\u00d3DIGO DO FABRICANTE= DIFA0113 MARCA = DIAL<\/p>\n","protected":false},"excerpt":{"rendered":"<p>DESCRI\u00c7\u00c3O= INTERRUPTOR VIDRO ELETRICO PAL C\u00d3DIGO DO FABRICANTE= DIFA0113 MARCA = DIAL<\/p>\n","protected":false},"featured_media":0,"template":"","meta":{"om_disable_all_campaigns":false,"_monsterinsights_skip_tracking":false,"_monsterinsights_sitenote_active":false,"_monsterinsights_sitenote_note":"","_monsterinsights_sitenote_category":0},"product_cat":[127],"product_tag":[],"aioseo_notices":[],"_links":{"self":[{"href":"https:\/\/autopecasanhanguera.com.br\/index.php\/wp-json\/wp\/v2\/product\/14263"}],"collection":[{"href":"https:\/\/autopecasanhanguera.com.br\/index.php\/wp-json\/wp\/v2\/product"}],"about":[{"href":"https:\/\/autopecasanhanguera.com.br\/index.php\/wp-json\/wp\/v2\/types\/product"}],"wp:attachment":[{"href":"https:\/\/autopecasanhanguera.com.br\/index.php\/wp-json\/wp\/v2\/media?parent=14263"}],"wp:term":[{"taxonomy":"product_cat","embeddable":true,"href":"https:\/\/autopecasanhanguera.com.br\/index.php\/wp-json\/wp\/v2\/product_cat?post=14263"},{"taxonomy":"product_tag","embeddable":true,"href":"https:\/\/autopecasanhanguera.com.br\/index.php\/wp-json\/wp\/v2\/product_tag?post=14263"}],"curies":[{"name":"wp","href":"https:\/\/api.w.org\/{rel}","templated":true}]}}