{"id":1432,"date":"2022-11-23T21:09:47","date_gmt":"2022-11-23T21:09:47","guid":{"rendered":"https:\/\/autopecasanhanguera.com.br\/?post_type=product&#038;p=1432"},"modified":"2022-11-23T21:09:47","modified_gmt":"2022-11-23T21:09:47","slug":"bendix-mt-partida-jeep-f-100","status":"publish","type":"product","link":"https:\/\/autopecasanhanguera.com.br\/index.php\/product\/bendix-mt-partida-jeep-f-100\/","title":{"rendered":"BENDIX MT PARTIDA  JEEP F-100"},"content":{"rendered":"<p>DESCRI\u00c7\u00c3O= BENDIX MT PARTIDA  JEEP F-100 C\u00d3DIGO DO FABRICANTE= RCHNZ104*43* MARCA = LOURO<\/p>\n","protected":false},"excerpt":{"rendered":"<p>DESCRI\u00c7\u00c3O= BENDIX MT PARTIDA JEEP F-100 C\u00d3DIGO DO FABRICANTE= RCHNZ104*43* MARCA = LOURO<\/p>\n","protected":false},"featured_media":0,"template":"","meta":{"om_disable_all_campaigns":false,"_monsterinsights_skip_tracking":false,"_monsterinsights_sitenote_active":false,"_monsterinsights_sitenote_note":"","_monsterinsights_sitenote_category":0},"product_cat":[127],"product_tag":[],"aioseo_notices":[],"_links":{"self":[{"href":"https:\/\/autopecasanhanguera.com.br\/index.php\/wp-json\/wp\/v2\/product\/1432"}],"collection":[{"href":"https:\/\/autopecasanhanguera.com.br\/index.php\/wp-json\/wp\/v2\/product"}],"about":[{"href":"https:\/\/autopecasanhanguera.com.br\/index.php\/wp-json\/wp\/v2\/types\/product"}],"wp:attachment":[{"href":"https:\/\/autopecasanhanguera.com.br\/index.php\/wp-json\/wp\/v2\/media?parent=1432"}],"wp:term":[{"taxonomy":"product_cat","embeddable":true,"href":"https:\/\/autopecasanhanguera.com.br\/index.php\/wp-json\/wp\/v2\/product_cat?post=1432"},{"taxonomy":"product_tag","embeddable":true,"href":"https:\/\/autopecasanhanguera.com.br\/index.php\/wp-json\/wp\/v2\/product_tag?post=1432"}],"curies":[{"name":"wp","href":"https:\/\/api.w.org\/{rel}","templated":true}]}}