{"id":1443,"date":"2022-11-23T21:09:48","date_gmt":"2022-11-23T21:09:48","guid":{"rendered":"https:\/\/autopecasanhanguera.com.br\/?post_type=product&#038;p=1443"},"modified":"2022-11-23T21:09:48","modified_gmt":"2022-11-23T21:09:48","slug":"cola-trava-rosca-lock-2-alt-re","status":"publish","type":"product","link":"https:\/\/autopecasanhanguera.com.br\/index.php\/product\/cola-trava-rosca-lock-2-alt-re\/","title":{"rendered":"COLA TRAVA ROSCA LOCK 2 ALT RE"},"content":{"rendered":"<p>DESCRI\u00c7\u00c3O= COLA TRAVA ROSCA LOCK 2 ALT RE C\u00d3DIGO DO FABRICANTE= ORB0004 TB1327\/1349 MARCA = CAST<\/p>\n","protected":false},"excerpt":{"rendered":"<p>DESCRI\u00c7\u00c3O= COLA TRAVA ROSCA LOCK 2 ALT RE C\u00d3DIGO DO FABRICANTE= ORB0004 TB1327\/1349 MARCA = CAST<\/p>\n","protected":false},"featured_media":0,"template":"","meta":{"om_disable_all_campaigns":false,"_monsterinsights_skip_tracking":false,"_monsterinsights_sitenote_active":false,"_monsterinsights_sitenote_note":"","_monsterinsights_sitenote_category":0},"product_cat":[105],"product_tag":[],"aioseo_notices":[],"_links":{"self":[{"href":"https:\/\/autopecasanhanguera.com.br\/index.php\/wp-json\/wp\/v2\/product\/1443"}],"collection":[{"href":"https:\/\/autopecasanhanguera.com.br\/index.php\/wp-json\/wp\/v2\/product"}],"about":[{"href":"https:\/\/autopecasanhanguera.com.br\/index.php\/wp-json\/wp\/v2\/types\/product"}],"wp:attachment":[{"href":"https:\/\/autopecasanhanguera.com.br\/index.php\/wp-json\/wp\/v2\/media?parent=1443"}],"wp:term":[{"taxonomy":"product_cat","embeddable":true,"href":"https:\/\/autopecasanhanguera.com.br\/index.php\/wp-json\/wp\/v2\/product_cat?post=1443"},{"taxonomy":"product_tag","embeddable":true,"href":"https:\/\/autopecasanhanguera.com.br\/index.php\/wp-json\/wp\/v2\/product_tag?post=1443"}],"curies":[{"name":"wp","href":"https:\/\/api.w.org\/{rel}","templated":true}]}}