{"id":14512,"date":"2022-11-23T21:24:26","date_gmt":"2022-11-23T21:24:26","guid":{"rendered":"https:\/\/autopecasanhanguera.com.br\/?post_type=product&#038;p=14512"},"modified":"2022-11-23T21:24:26","modified_gmt":"2022-11-23T21:24:26","slug":"correia-comando-vectra-2-0-16v","status":"publish","type":"product","link":"https:\/\/autopecasanhanguera.com.br\/index.php\/product\/correia-comando-vectra-2-0-16v\/","title":{"rendered":"CORREIA COMANDO VECTRA 2.0 16V"},"content":{"rendered":"<p>DESCRI\u00c7\u00c3O= CORREIA COMANDO VECTRA 2.0 16V C\u00d3DIGO DO FABRICANTE= CT866HN 176STP8M240H MARCA = CONTITECH<\/p>\n","protected":false},"excerpt":{"rendered":"<p>DESCRI\u00c7\u00c3O= CORREIA COMANDO VECTRA 2.0 16V C\u00d3DIGO DO FABRICANTE= CT866HN 176STP8M240H MARCA = CONTITECH<\/p>\n","protected":false},"featured_media":0,"template":"","meta":{"om_disable_all_campaigns":false,"_monsterinsights_skip_tracking":false,"_monsterinsights_sitenote_active":false,"_monsterinsights_sitenote_note":"","_monsterinsights_sitenote_category":0},"product_cat":[578],"product_tag":[],"aioseo_notices":[],"_links":{"self":[{"href":"https:\/\/autopecasanhanguera.com.br\/index.php\/wp-json\/wp\/v2\/product\/14512"}],"collection":[{"href":"https:\/\/autopecasanhanguera.com.br\/index.php\/wp-json\/wp\/v2\/product"}],"about":[{"href":"https:\/\/autopecasanhanguera.com.br\/index.php\/wp-json\/wp\/v2\/types\/product"}],"wp:attachment":[{"href":"https:\/\/autopecasanhanguera.com.br\/index.php\/wp-json\/wp\/v2\/media?parent=14512"}],"wp:term":[{"taxonomy":"product_cat","embeddable":true,"href":"https:\/\/autopecasanhanguera.com.br\/index.php\/wp-json\/wp\/v2\/product_cat?post=14512"},{"taxonomy":"product_tag","embeddable":true,"href":"https:\/\/autopecasanhanguera.com.br\/index.php\/wp-json\/wp\/v2\/product_tag?post=14512"}],"curies":[{"name":"wp","href":"https:\/\/api.w.org\/{rel}","templated":true}]}}