{"id":14658,"date":"2022-11-23T21:24:47","date_gmt":"2022-11-23T21:24:47","guid":{"rendered":"https:\/\/autopecasanhanguera.com.br\/?post_type=product&#038;p=14658"},"modified":"2022-11-23T21:24:47","modified_gmt":"2022-11-23T21:24:47","slug":"carregador-automotivo-120amp","status":"publish","type":"product","link":"https:\/\/autopecasanhanguera.com.br\/index.php\/product\/carregador-automotivo-120amp\/","title":{"rendered":"CARREGADOR AUTOMOTIVO 120AMP"},"content":{"rendered":"<p>DESCRI\u00c7\u00c3O= CARREGADOR AUTOMOTIVO 120AMP C\u00d3DIGO DO FABRICANTE= CBA10 964 MARCA = ELETROPEL<\/p>\n","protected":false},"excerpt":{"rendered":"<p>DESCRI\u00c7\u00c3O= CARREGADOR AUTOMOTIVO 120AMP C\u00d3DIGO DO FABRICANTE= CBA10 964 MARCA = ELETROPEL<\/p>\n","protected":false},"featured_media":0,"template":"","meta":{"om_disable_all_campaigns":false,"_monsterinsights_skip_tracking":false,"_monsterinsights_sitenote_active":false,"_monsterinsights_sitenote_note":"","_monsterinsights_sitenote_category":0},"product_cat":[89],"product_tag":[],"aioseo_notices":[],"_links":{"self":[{"href":"https:\/\/autopecasanhanguera.com.br\/index.php\/wp-json\/wp\/v2\/product\/14658"}],"collection":[{"href":"https:\/\/autopecasanhanguera.com.br\/index.php\/wp-json\/wp\/v2\/product"}],"about":[{"href":"https:\/\/autopecasanhanguera.com.br\/index.php\/wp-json\/wp\/v2\/types\/product"}],"wp:attachment":[{"href":"https:\/\/autopecasanhanguera.com.br\/index.php\/wp-json\/wp\/v2\/media?parent=14658"}],"wp:term":[{"taxonomy":"product_cat","embeddable":true,"href":"https:\/\/autopecasanhanguera.com.br\/index.php\/wp-json\/wp\/v2\/product_cat?post=14658"},{"taxonomy":"product_tag","embeddable":true,"href":"https:\/\/autopecasanhanguera.com.br\/index.php\/wp-json\/wp\/v2\/product_tag?post=14658"}],"curies":[{"name":"wp","href":"https:\/\/api.w.org\/{rel}","templated":true}]}}