{"id":14741,"date":"2022-11-23T21:24:44","date_gmt":"2022-11-23T21:24:44","guid":{"rendered":"https:\/\/autopecasanhanguera.com.br\/?post_type=product&#038;p=14741"},"modified":"2022-11-23T21:24:44","modified_gmt":"2022-11-23T21:24:44","slug":"buzina-caracol-bergson-individ","status":"publish","type":"product","link":"https:\/\/autopecasanhanguera.com.br\/index.php\/product\/buzina-caracol-bergson-individ\/","title":{"rendered":"BUZINA CARACOL BERGSON INDIVID"},"content":{"rendered":"<p>DESCRI\u00c7\u00c3O= BUZINA CARACOL BERGSON INDIVID C\u00d3DIGO DO FABRICANTE= GAB1052*43*EPST*1PC MARCA = CHG<\/p>\n","protected":false},"excerpt":{"rendered":"<p>DESCRI\u00c7\u00c3O= BUZINA CARACOL BERGSON INDIVID C\u00d3DIGO DO FABRICANTE= GAB1052*43*EPST*1PC MARCA = CHG<\/p>\n","protected":false},"featured_media":0,"template":"","meta":{"om_disable_all_campaigns":false,"_monsterinsights_skip_tracking":false,"_monsterinsights_sitenote_active":false,"_monsterinsights_sitenote_note":"","_monsterinsights_sitenote_category":0},"product_cat":[127],"product_tag":[],"aioseo_notices":[],"_links":{"self":[{"href":"https:\/\/autopecasanhanguera.com.br\/index.php\/wp-json\/wp\/v2\/product\/14741"}],"collection":[{"href":"https:\/\/autopecasanhanguera.com.br\/index.php\/wp-json\/wp\/v2\/product"}],"about":[{"href":"https:\/\/autopecasanhanguera.com.br\/index.php\/wp-json\/wp\/v2\/types\/product"}],"wp:attachment":[{"href":"https:\/\/autopecasanhanguera.com.br\/index.php\/wp-json\/wp\/v2\/media?parent=14741"}],"wp:term":[{"taxonomy":"product_cat","embeddable":true,"href":"https:\/\/autopecasanhanguera.com.br\/index.php\/wp-json\/wp\/v2\/product_cat?post=14741"},{"taxonomy":"product_tag","embeddable":true,"href":"https:\/\/autopecasanhanguera.com.br\/index.php\/wp-json\/wp\/v2\/product_tag?post=14741"}],"curies":[{"name":"wp","href":"https:\/\/api.w.org\/{rel}","templated":true}]}}