{"id":14749,"date":"2022-11-23T21:24:51","date_gmt":"2022-11-23T21:24:51","guid":{"rendered":"https:\/\/autopecasanhanguera.com.br\/?post_type=product&#038;p=14749"},"modified":"2022-11-23T21:24:51","modified_gmt":"2022-11-23T21:24:51","slug":"junta-cabecote-palio-1-4-8v-fi","status":"publish","type":"product","link":"https:\/\/autopecasanhanguera.com.br\/index.php\/product\/junta-cabecote-palio-1-4-8v-fi\/","title":{"rendered":"JUNTA CABECOTE PALIO 1.4 8V FI"},"content":{"rendered":"<p>DESCRI\u00c7\u00c3O= JUNTA CABECOTE PALIO 1.4 8V FI C\u00d3DIGO DO FABRICANTE= R40103SC*43*PSES*3PC MARCA = DEKKO<\/p>\n","protected":false},"excerpt":{"rendered":"<p>DESCRI\u00c7\u00c3O= JUNTA CABECOTE PALIO 1.4 8V FI C\u00d3DIGO DO FABRICANTE= R40103SC*43*PSES*3PC MARCA = DEKKO<\/p>\n","protected":false},"featured_media":0,"template":"","meta":{"om_disable_all_campaigns":false,"_monsterinsights_skip_tracking":false,"_monsterinsights_sitenote_active":false,"_monsterinsights_sitenote_note":"","_monsterinsights_sitenote_category":0},"product_cat":[241],"product_tag":[],"aioseo_notices":[],"_links":{"self":[{"href":"https:\/\/autopecasanhanguera.com.br\/index.php\/wp-json\/wp\/v2\/product\/14749"}],"collection":[{"href":"https:\/\/autopecasanhanguera.com.br\/index.php\/wp-json\/wp\/v2\/product"}],"about":[{"href":"https:\/\/autopecasanhanguera.com.br\/index.php\/wp-json\/wp\/v2\/types\/product"}],"wp:attachment":[{"href":"https:\/\/autopecasanhanguera.com.br\/index.php\/wp-json\/wp\/v2\/media?parent=14749"}],"wp:term":[{"taxonomy":"product_cat","embeddable":true,"href":"https:\/\/autopecasanhanguera.com.br\/index.php\/wp-json\/wp\/v2\/product_cat?post=14749"},{"taxonomy":"product_tag","embeddable":true,"href":"https:\/\/autopecasanhanguera.com.br\/index.php\/wp-json\/wp\/v2\/product_tag?post=14749"}],"curies":[{"name":"wp","href":"https:\/\/api.w.org\/{rel}","templated":true}]}}