{"id":14752,"date":"2022-11-23T21:24:38","date_gmt":"2022-11-23T21:24:38","guid":{"rendered":"https:\/\/autopecasanhanguera.com.br\/?post_type=product&#038;p=14752"},"modified":"2022-11-23T21:24:38","modified_gmt":"2022-11-23T21:24:38","slug":"valvula-admisao-nuo-palio-14","status":"publish","type":"product","link":"https:\/\/autopecasanhanguera.com.br\/index.php\/product\/valvula-admisao-nuo-palio-14\/","title":{"rendered":"VALVULA ADMISAO NUO PALIO 1,4"},"content":{"rendered":"<p>DESCRI\u00c7\u00c3O= VALVULA ADMISAO NUO PALIO 1,4 C\u00d3DIGO DO FABRICANTE= VS5263 VS5264E MARCA = EATOM<\/p>\n","protected":false},"excerpt":{"rendered":"<p>DESCRI\u00c7\u00c3O= VALVULA ADMISAO NUO PALIO 1,4 C\u00d3DIGO DO FABRICANTE= VS5263 VS5264E MARCA = EATOM<\/p>\n","protected":false},"featured_media":0,"template":"","meta":{"om_disable_all_campaigns":false,"_monsterinsights_skip_tracking":false,"_monsterinsights_sitenote_active":false,"_monsterinsights_sitenote_note":"","_monsterinsights_sitenote_category":0},"product_cat":[96],"product_tag":[],"aioseo_notices":[],"_links":{"self":[{"href":"https:\/\/autopecasanhanguera.com.br\/index.php\/wp-json\/wp\/v2\/product\/14752"}],"collection":[{"href":"https:\/\/autopecasanhanguera.com.br\/index.php\/wp-json\/wp\/v2\/product"}],"about":[{"href":"https:\/\/autopecasanhanguera.com.br\/index.php\/wp-json\/wp\/v2\/types\/product"}],"wp:attachment":[{"href":"https:\/\/autopecasanhanguera.com.br\/index.php\/wp-json\/wp\/v2\/media?parent=14752"}],"wp:term":[{"taxonomy":"product_cat","embeddable":true,"href":"https:\/\/autopecasanhanguera.com.br\/index.php\/wp-json\/wp\/v2\/product_cat?post=14752"},{"taxonomy":"product_tag","embeddable":true,"href":"https:\/\/autopecasanhanguera.com.br\/index.php\/wp-json\/wp\/v2\/product_tag?post=14752"}],"curies":[{"name":"wp","href":"https:\/\/api.w.org\/{rel}","templated":true}]}}