{"id":14840,"date":"2022-11-23T21:24:59","date_gmt":"2022-11-23T21:24:59","guid":{"rendered":"https:\/\/autopecasanhanguera.com.br\/?post_type=product&#038;p=14840"},"modified":"2022-11-23T21:24:59","modified_gmt":"2022-11-23T21:24:59","slug":"correia-comando-daihatsu-chara","status":"publish","type":"product","link":"https:\/\/autopecasanhanguera.com.br\/index.php\/product\/correia-comando-daihatsu-chara\/","title":{"rendered":"CORREIA COMANDO DAIHATSU CHARA"},"content":{"rendered":"<p>DESCRI\u00c7\u00c3O= CORREIA COMANDO DAIHATSU CHARA C\u00d3DIGO DO FABRICANTE= CT740HNBR MARCA = REIS PECAS<\/p>\n","protected":false},"excerpt":{"rendered":"<p>DESCRI\u00c7\u00c3O= CORREIA COMANDO DAIHATSU CHARA C\u00d3DIGO DO FABRICANTE= CT740HNBR MARCA = REIS PECAS<\/p>\n","protected":false},"featured_media":0,"template":"","meta":{"om_disable_all_campaigns":false,"_monsterinsights_skip_tracking":false,"_monsterinsights_sitenote_active":false,"_monsterinsights_sitenote_note":"","_monsterinsights_sitenote_category":0},"product_cat":[578],"product_tag":[],"aioseo_notices":[],"_links":{"self":[{"href":"https:\/\/autopecasanhanguera.com.br\/index.php\/wp-json\/wp\/v2\/product\/14840"}],"collection":[{"href":"https:\/\/autopecasanhanguera.com.br\/index.php\/wp-json\/wp\/v2\/product"}],"about":[{"href":"https:\/\/autopecasanhanguera.com.br\/index.php\/wp-json\/wp\/v2\/types\/product"}],"wp:attachment":[{"href":"https:\/\/autopecasanhanguera.com.br\/index.php\/wp-json\/wp\/v2\/media?parent=14840"}],"wp:term":[{"taxonomy":"product_cat","embeddable":true,"href":"https:\/\/autopecasanhanguera.com.br\/index.php\/wp-json\/wp\/v2\/product_cat?post=14840"},{"taxonomy":"product_tag","embeddable":true,"href":"https:\/\/autopecasanhanguera.com.br\/index.php\/wp-json\/wp\/v2\/product_tag?post=14840"}],"curies":[{"name":"wp","href":"https:\/\/api.w.org\/{rel}","templated":true}]}}