{"id":15005,"date":"2022-11-23T21:25:55","date_gmt":"2022-11-23T21:25:55","guid":{"rendered":"https:\/\/autopecasanhanguera.com.br\/?post_type=product&#038;p=15005"},"modified":"2023-11-16T17:58:12","modified_gmt":"2023-11-16T17:58:12","slug":"fechadura-tampa-tras-santana-9","status":"publish","type":"product","link":"https:\/\/autopecasanhanguera.com.br\/index.php\/product\/fechadura-tampa-tras-santana-9\/","title":{"rendered":"FECHADURA TAMPA TRAS SANTANA 9"},"content":{"rendered":"<p>DESCRI\u00c7\u00c3O= FECHADURA TAMPA TRAS SANTANA 9 C\u00d3DIGO DO FABRICANTE= F325 MARCA = TAUROS<\/p>\n","protected":false},"excerpt":{"rendered":"<p>DESCRI\u00c7\u00c3O= FECHADURA TAMPA TRAS SANTANA 9 C\u00d3DIGO DO FABRICANTE= F325 MARCA = TAUROS<\/p>\n","protected":false},"featured_media":20651,"template":"","meta":{"om_disable_all_campaigns":false,"_monsterinsights_skip_tracking":false,"_monsterinsights_sitenote_active":false,"_monsterinsights_sitenote_note":"","_monsterinsights_sitenote_category":0},"product_cat":[89],"product_tag":[5256,5255,5257],"aioseo_notices":[],"_links":{"self":[{"href":"https:\/\/autopecasanhanguera.com.br\/index.php\/wp-json\/wp\/v2\/product\/15005"}],"collection":[{"href":"https:\/\/autopecasanhanguera.com.br\/index.php\/wp-json\/wp\/v2\/product"}],"about":[{"href":"https:\/\/autopecasanhanguera.com.br\/index.php\/wp-json\/wp\/v2\/types\/product"}],"wp:featuredmedia":[{"embeddable":true,"href":"https:\/\/autopecasanhanguera.com.br\/index.php\/wp-json\/wp\/v2\/media\/20651"}],"wp:attachment":[{"href":"https:\/\/autopecasanhanguera.com.br\/index.php\/wp-json\/wp\/v2\/media?parent=15005"}],"wp:term":[{"taxonomy":"product_cat","embeddable":true,"href":"https:\/\/autopecasanhanguera.com.br\/index.php\/wp-json\/wp\/v2\/product_cat?post=15005"},{"taxonomy":"product_tag","embeddable":true,"href":"https:\/\/autopecasanhanguera.com.br\/index.php\/wp-json\/wp\/v2\/product_tag?post=15005"}],"curies":[{"name":"wp","href":"https:\/\/api.w.org\/{rel}","templated":true}]}}