{"id":15017,"date":"2022-11-23T21:25:19","date_gmt":"2022-11-23T21:25:19","guid":{"rendered":"https:\/\/autopecasanhanguera.com.br\/?post_type=product&#038;p=15017"},"modified":"2025-04-25T17:44:48","modified_gmt":"2025-04-25T17:44:48","slug":"palheta-23-universal","status":"publish","type":"product","link":"https:\/\/autopecasanhanguera.com.br\/index.php\/product\/palheta-23-universal\/","title":{"rendered":"PALHETA 23 UNIVERSAL"},"content":{"rendered":"<p>DESCRI\u00c7\u00c3O= PALHETA 23 UNIVERSAL C\u00d3DIGO DO FABRICANTE= 218339 FLXPU023 MARCA = FLX<\/p>\n","protected":false},"excerpt":{"rendered":"<p>DESCRI\u00c7\u00c3O= PALHETA 23 UNIVERSAL C\u00d3DIGO DO FABRICANTE= 218339 FLXPU023 MARCA = FLX<\/p>\n","protected":false},"featured_media":20776,"template":"","meta":{"om_disable_all_campaigns":false,"_monsterinsights_skip_tracking":false,"_monsterinsights_sitenote_active":false,"_monsterinsights_sitenote_note":"","_monsterinsights_sitenote_category":0},"product_cat":[89],"product_tag":[5382],"aioseo_notices":[],"_links":{"self":[{"href":"https:\/\/autopecasanhanguera.com.br\/index.php\/wp-json\/wp\/v2\/product\/15017"}],"collection":[{"href":"https:\/\/autopecasanhanguera.com.br\/index.php\/wp-json\/wp\/v2\/product"}],"about":[{"href":"https:\/\/autopecasanhanguera.com.br\/index.php\/wp-json\/wp\/v2\/types\/product"}],"wp:featuredmedia":[{"embeddable":true,"href":"https:\/\/autopecasanhanguera.com.br\/index.php\/wp-json\/wp\/v2\/media\/20776"}],"wp:attachment":[{"href":"https:\/\/autopecasanhanguera.com.br\/index.php\/wp-json\/wp\/v2\/media?parent=15017"}],"wp:term":[{"taxonomy":"product_cat","embeddable":true,"href":"https:\/\/autopecasanhanguera.com.br\/index.php\/wp-json\/wp\/v2\/product_cat?post=15017"},{"taxonomy":"product_tag","embeddable":true,"href":"https:\/\/autopecasanhanguera.com.br\/index.php\/wp-json\/wp\/v2\/product_tag?post=15017"}],"curies":[{"name":"wp","href":"https:\/\/api.w.org\/{rel}","templated":true}]}}