{"id":15095,"date":"2022-11-23T21:24:58","date_gmt":"2022-11-23T21:24:58","guid":{"rendered":"https:\/\/autopecasanhanguera.com.br\/?post_type=product&#038;p=15095"},"modified":"2022-11-23T21:24:58","modified_gmt":"2022-11-23T21:24:58","slug":"kit-amort-diant-honda-civic-02","status":"publish","type":"product","link":"https:\/\/autopecasanhanguera.com.br\/index.php\/product\/kit-amort-diant-honda-civic-02\/","title":{"rendered":"KIT AMORT DIANT HONDA CIVIC 02"},"content":{"rendered":"<p>DESCRI\u00c7\u00c3O= KIT AMORT DIANT HONDA CIVIC 02 C\u00d3DIGO DO FABRICANTE= 8060923 MB9278B MARCA = REIS PECAS<\/p>\n","protected":false},"excerpt":{"rendered":"<p>DESCRI\u00c7\u00c3O= KIT AMORT DIANT HONDA CIVIC 02 C\u00d3DIGO DO FABRICANTE= 8060923 MB9278B MARCA = REIS PECAS<\/p>\n","protected":false},"featured_media":0,"template":"","meta":{"om_disable_all_campaigns":false,"_monsterinsights_skip_tracking":false,"_monsterinsights_sitenote_active":false,"_monsterinsights_sitenote_note":"","_monsterinsights_sitenote_category":0},"product_cat":[92],"product_tag":[],"aioseo_notices":[],"_links":{"self":[{"href":"https:\/\/autopecasanhanguera.com.br\/index.php\/wp-json\/wp\/v2\/product\/15095"}],"collection":[{"href":"https:\/\/autopecasanhanguera.com.br\/index.php\/wp-json\/wp\/v2\/product"}],"about":[{"href":"https:\/\/autopecasanhanguera.com.br\/index.php\/wp-json\/wp\/v2\/types\/product"}],"wp:attachment":[{"href":"https:\/\/autopecasanhanguera.com.br\/index.php\/wp-json\/wp\/v2\/media?parent=15095"}],"wp:term":[{"taxonomy":"product_cat","embeddable":true,"href":"https:\/\/autopecasanhanguera.com.br\/index.php\/wp-json\/wp\/v2\/product_cat?post=15095"},{"taxonomy":"product_tag","embeddable":true,"href":"https:\/\/autopecasanhanguera.com.br\/index.php\/wp-json\/wp\/v2\/product_tag?post=15095"}],"curies":[{"name":"wp","href":"https:\/\/api.w.org\/{rel}","templated":true}]}}