{"id":15105,"date":"2022-11-23T21:25:03","date_gmt":"2022-11-23T21:25:03","guid":{"rendered":"https:\/\/autopecasanhanguera.com.br\/?post_type=product&#038;p=15105"},"modified":"2022-11-23T21:25:03","modified_gmt":"2022-11-23T21:25:03","slug":"retentor-comando-palio-fire","status":"publish","type":"product","link":"https:\/\/autopecasanhanguera.com.br\/index.php\/product\/retentor-comando-palio-fire\/","title":{"rendered":"RETENTOR COMANDO PALIO FIRE"},"content":{"rendered":"<p>DESCRI\u00c7\u00c3O= RETENTOR COMANDO PALIO FIRE C\u00d3DIGO DO FABRICANTE= 7550P 62057K MARCA = REIS PECAS<\/p>\n","protected":false},"excerpt":{"rendered":"<p>DESCRI\u00c7\u00c3O= RETENTOR COMANDO PALIO FIRE C\u00d3DIGO DO FABRICANTE= 7550P 62057K MARCA = REIS PECAS<\/p>\n","protected":false},"featured_media":0,"template":"","meta":{"om_disable_all_campaigns":false,"_monsterinsights_skip_tracking":false,"_monsterinsights_sitenote_active":false,"_monsterinsights_sitenote_note":"","_monsterinsights_sitenote_category":0},"product_cat":[209],"product_tag":[],"aioseo_notices":[],"_links":{"self":[{"href":"https:\/\/autopecasanhanguera.com.br\/index.php\/wp-json\/wp\/v2\/product\/15105"}],"collection":[{"href":"https:\/\/autopecasanhanguera.com.br\/index.php\/wp-json\/wp\/v2\/product"}],"about":[{"href":"https:\/\/autopecasanhanguera.com.br\/index.php\/wp-json\/wp\/v2\/types\/product"}],"wp:attachment":[{"href":"https:\/\/autopecasanhanguera.com.br\/index.php\/wp-json\/wp\/v2\/media?parent=15105"}],"wp:term":[{"taxonomy":"product_cat","embeddable":true,"href":"https:\/\/autopecasanhanguera.com.br\/index.php\/wp-json\/wp\/v2\/product_cat?post=15105"},{"taxonomy":"product_tag","embeddable":true,"href":"https:\/\/autopecasanhanguera.com.br\/index.php\/wp-json\/wp\/v2\/product_tag?post=15105"}],"curies":[{"name":"wp","href":"https:\/\/api.w.org\/{rel}","templated":true}]}}