{"id":15202,"date":"2022-11-23T21:25:21","date_gmt":"2022-11-23T21:25:21","guid":{"rendered":"https:\/\/autopecasanhanguera.com.br\/?post_type=product&#038;p=15202"},"modified":"2025-04-24T18:55:16","modified_gmt":"2025-04-24T18:55:16","slug":"amortecedor-diant-peugeot-206","status":"publish","type":"product","link":"https:\/\/autopecasanhanguera.com.br\/index.php\/product\/amortecedor-diant-peugeot-206\/","title":{"rendered":"AMORTECEDOR DIANT PEUGEOT 206"},"content":{"rendered":"<p>DESCRI\u00c7\u00c3O= AMORTECEDOR DIANT PEUGEOT 206 C\u00d3DIGO DO FABRICANTE= AMG10602*43*PTXD* MARCA = EXPLOSAO<\/p>\n","protected":false},"excerpt":{"rendered":"<p>DESCRI\u00c7\u00c3O= AMORTECEDOR DIANT PEUGEOT 206 C\u00d3DIGO DO FABRICANTE= AMG10602*43*PTXD* MARCA = EXPLOSAO<\/p>\n","protected":false},"featured_media":20769,"template":"","meta":{"om_disable_all_campaigns":false,"_monsterinsights_skip_tracking":false,"_monsterinsights_sitenote_active":false,"_monsterinsights_sitenote_note":"","_monsterinsights_sitenote_category":0},"product_cat":[92],"product_tag":[5377],"aioseo_notices":[],"_links":{"self":[{"href":"https:\/\/autopecasanhanguera.com.br\/index.php\/wp-json\/wp\/v2\/product\/15202"}],"collection":[{"href":"https:\/\/autopecasanhanguera.com.br\/index.php\/wp-json\/wp\/v2\/product"}],"about":[{"href":"https:\/\/autopecasanhanguera.com.br\/index.php\/wp-json\/wp\/v2\/types\/product"}],"wp:featuredmedia":[{"embeddable":true,"href":"https:\/\/autopecasanhanguera.com.br\/index.php\/wp-json\/wp\/v2\/media\/20769"}],"wp:attachment":[{"href":"https:\/\/autopecasanhanguera.com.br\/index.php\/wp-json\/wp\/v2\/media?parent=15202"}],"wp:term":[{"taxonomy":"product_cat","embeddable":true,"href":"https:\/\/autopecasanhanguera.com.br\/index.php\/wp-json\/wp\/v2\/product_cat?post=15202"},{"taxonomy":"product_tag","embeddable":true,"href":"https:\/\/autopecasanhanguera.com.br\/index.php\/wp-json\/wp\/v2\/product_tag?post=15202"}],"curies":[{"name":"wp","href":"https:\/\/api.w.org\/{rel}","templated":true}]}}