{"id":15248,"date":"2022-11-23T21:25:19","date_gmt":"2022-11-23T21:25:19","guid":{"rendered":"https:\/\/autopecasanhanguera.com.br\/?post_type=product&#038;p=15248"},"modified":"2025-04-25T17:17:46","modified_gmt":"2025-04-25T17:17:46","slug":"porca-sex-10mm-fio-1-25","status":"publish","type":"product","link":"https:\/\/autopecasanhanguera.com.br\/index.php\/product\/porca-sex-10mm-fio-1-25\/","title":{"rendered":"PORCA SEX 10MM FIO 1.25"},"content":{"rendered":"<p>DESCRI\u00c7\u00c3O= PORCA SEX 10MM FIO 1.25 C\u00d3DIGO DO FABRICANTE= 4720032*43*XPR* MARCA = PARAFUSO E CIA<\/p>\n","protected":false},"excerpt":{"rendered":"<p>DESCRI\u00c7\u00c3O= PORCA SEX 10MM FIO 1.25 C\u00d3DIGO DO FABRICANTE= 4720032*43*XPR* MARCA = PARAFUSO E CIA<\/p>\n","protected":false},"featured_media":20775,"template":"","meta":{"om_disable_all_campaigns":false,"_monsterinsights_skip_tracking":false,"_monsterinsights_sitenote_active":false,"_monsterinsights_sitenote_note":"","_monsterinsights_sitenote_category":0},"product_cat":[103],"product_tag":[5381],"aioseo_notices":[],"_links":{"self":[{"href":"https:\/\/autopecasanhanguera.com.br\/index.php\/wp-json\/wp\/v2\/product\/15248"}],"collection":[{"href":"https:\/\/autopecasanhanguera.com.br\/index.php\/wp-json\/wp\/v2\/product"}],"about":[{"href":"https:\/\/autopecasanhanguera.com.br\/index.php\/wp-json\/wp\/v2\/types\/product"}],"wp:featuredmedia":[{"embeddable":true,"href":"https:\/\/autopecasanhanguera.com.br\/index.php\/wp-json\/wp\/v2\/media\/20775"}],"wp:attachment":[{"href":"https:\/\/autopecasanhanguera.com.br\/index.php\/wp-json\/wp\/v2\/media?parent=15248"}],"wp:term":[{"taxonomy":"product_cat","embeddable":true,"href":"https:\/\/autopecasanhanguera.com.br\/index.php\/wp-json\/wp\/v2\/product_cat?post=15248"},{"taxonomy":"product_tag","embeddable":true,"href":"https:\/\/autopecasanhanguera.com.br\/index.php\/wp-json\/wp\/v2\/product_tag?post=15248"}],"curies":[{"name":"wp","href":"https:\/\/api.w.org\/{rel}","templated":true}]}}