{"id":15273,"date":"2022-11-23T21:25:28","date_gmt":"2022-11-23T21:25:28","guid":{"rendered":"https:\/\/autopecasanhanguera.com.br\/?post_type=product&#038;p=15273"},"modified":"2025-03-25T18:30:14","modified_gmt":"2025-03-25T18:30:14","slug":"anel-boia-tanque-s-10","status":"publish","type":"product","link":"https:\/\/autopecasanhanguera.com.br\/index.php\/product\/anel-boia-tanque-s-10\/","title":{"rendered":"ANEL BOIA TANQUE S-10"},"content":{"rendered":"<p>DESCRI\u00c7\u00c3O= ANEL BOIA TANQUE S-10 C\u00d3DIGO DO FABRICANTE= 2590182*43*RNA* MARCA = INJECTION<\/p>\n","protected":false},"excerpt":{"rendered":"<p>DESCRI\u00c7\u00c3O= ANEL BOIA TANQUE S-10 C\u00d3DIGO DO FABRICANTE= 2590182*43*RNA* MARCA = INJECTION<\/p>\n","protected":false},"featured_media":20735,"template":"","meta":{"om_disable_all_campaigns":false,"_monsterinsights_skip_tracking":false,"_monsterinsights_sitenote_active":false,"_monsterinsights_sitenote_note":"","_monsterinsights_sitenote_category":0},"product_cat":[325],"product_tag":[5359],"aioseo_notices":[],"_links":{"self":[{"href":"https:\/\/autopecasanhanguera.com.br\/index.php\/wp-json\/wp\/v2\/product\/15273"}],"collection":[{"href":"https:\/\/autopecasanhanguera.com.br\/index.php\/wp-json\/wp\/v2\/product"}],"about":[{"href":"https:\/\/autopecasanhanguera.com.br\/index.php\/wp-json\/wp\/v2\/types\/product"}],"wp:featuredmedia":[{"embeddable":true,"href":"https:\/\/autopecasanhanguera.com.br\/index.php\/wp-json\/wp\/v2\/media\/20735"}],"wp:attachment":[{"href":"https:\/\/autopecasanhanguera.com.br\/index.php\/wp-json\/wp\/v2\/media?parent=15273"}],"wp:term":[{"taxonomy":"product_cat","embeddable":true,"href":"https:\/\/autopecasanhanguera.com.br\/index.php\/wp-json\/wp\/v2\/product_cat?post=15273"},{"taxonomy":"product_tag","embeddable":true,"href":"https:\/\/autopecasanhanguera.com.br\/index.php\/wp-json\/wp\/v2\/product_tag?post=15273"}],"curies":[{"name":"wp","href":"https:\/\/api.w.org\/{rel}","templated":true}]}}