{"id":1531,"date":"2022-11-23T21:09:59","date_gmt":"2022-11-23T21:09:59","guid":{"rendered":"https:\/\/autopecasanhanguera.com.br\/?post_type=product&#038;p=1531"},"modified":"2022-11-23T21:09:59","modified_gmt":"2022-11-23T21:09:59","slug":"tensor-corrente-fiesta-ford-ka","status":"publish","type":"product","link":"https:\/\/autopecasanhanguera.com.br\/index.php\/product\/tensor-corrente-fiesta-ford-ka\/","title":{"rendered":"TENSOR CORRENTE FIESTA FORD KA"},"content":{"rendered":"<p>DESCRI\u00c7\u00c3O= TENSOR CORRENTE FIESTA FORD KA C\u00d3DIGO DO FABRICANTE= CC8106 136 200 FLORI MARCA = ECOLOG APLIC<\/p>\n","protected":false},"excerpt":{"rendered":"<p>DESCRI\u00c7\u00c3O= TENSOR CORRENTE FIESTA FORD KA C\u00d3DIGO DO FABRICANTE= CC8106 136 200 FLORI MARCA = ECOLOG APLIC<\/p>\n","protected":false},"featured_media":0,"template":"","meta":{"om_disable_all_campaigns":false,"_monsterinsights_skip_tracking":false,"_monsterinsights_sitenote_active":false,"_monsterinsights_sitenote_note":"","_monsterinsights_sitenote_category":0},"product_cat":[96],"product_tag":[],"aioseo_notices":[],"_links":{"self":[{"href":"https:\/\/autopecasanhanguera.com.br\/index.php\/wp-json\/wp\/v2\/product\/1531"}],"collection":[{"href":"https:\/\/autopecasanhanguera.com.br\/index.php\/wp-json\/wp\/v2\/product"}],"about":[{"href":"https:\/\/autopecasanhanguera.com.br\/index.php\/wp-json\/wp\/v2\/types\/product"}],"wp:attachment":[{"href":"https:\/\/autopecasanhanguera.com.br\/index.php\/wp-json\/wp\/v2\/media?parent=1531"}],"wp:term":[{"taxonomy":"product_cat","embeddable":true,"href":"https:\/\/autopecasanhanguera.com.br\/index.php\/wp-json\/wp\/v2\/product_cat?post=1531"},{"taxonomy":"product_tag","embeddable":true,"href":"https:\/\/autopecasanhanguera.com.br\/index.php\/wp-json\/wp\/v2\/product_tag?post=1531"}],"curies":[{"name":"wp","href":"https:\/\/api.w.org\/{rel}","templated":true}]}}