{"id":15507,"date":"2022-11-23T21:25:42","date_gmt":"2022-11-23T21:25:42","guid":{"rendered":"https:\/\/autopecasanhanguera.com.br\/?post_type=product&#038;p=15507"},"modified":"2023-12-11T19:18:01","modified_gmt":"2023-12-11T19:18:01","slug":"oleo-motor-10w40-sintetica","status":"publish","type":"product","link":"https:\/\/autopecasanhanguera.com.br\/index.php\/product\/oleo-motor-10w40-sintetica\/","title":{"rendered":"OLEO MOTOR 10W40 SINTETICA"},"content":{"rendered":"<p>DESCRI\u00c7\u00c3O= OLEO MOTOR 10W40 SINTETICA C\u00d3DIGO DO FABRICANTE= 10W40 MARCA = LUBRAX<\/p>\n","protected":false},"excerpt":{"rendered":"<p>DESCRI\u00c7\u00c3O= OLEO MOTOR 10W40 SINTETICA C\u00d3DIGO DO FABRICANTE= 10W40 MARCA = LUBRAX<\/p>\n","protected":false},"featured_media":20686,"template":"","meta":{"om_disable_all_campaigns":false,"_monsterinsights_skip_tracking":false,"_monsterinsights_sitenote_active":false,"_monsterinsights_sitenote_note":"","_monsterinsights_sitenote_category":0},"product_cat":[336],"product_tag":[5307,5306],"aioseo_notices":[],"_links":{"self":[{"href":"https:\/\/autopecasanhanguera.com.br\/index.php\/wp-json\/wp\/v2\/product\/15507"}],"collection":[{"href":"https:\/\/autopecasanhanguera.com.br\/index.php\/wp-json\/wp\/v2\/product"}],"about":[{"href":"https:\/\/autopecasanhanguera.com.br\/index.php\/wp-json\/wp\/v2\/types\/product"}],"wp:featuredmedia":[{"embeddable":true,"href":"https:\/\/autopecasanhanguera.com.br\/index.php\/wp-json\/wp\/v2\/media\/20686"}],"wp:attachment":[{"href":"https:\/\/autopecasanhanguera.com.br\/index.php\/wp-json\/wp\/v2\/media?parent=15507"}],"wp:term":[{"taxonomy":"product_cat","embeddable":true,"href":"https:\/\/autopecasanhanguera.com.br\/index.php\/wp-json\/wp\/v2\/product_cat?post=15507"},{"taxonomy":"product_tag","embeddable":true,"href":"https:\/\/autopecasanhanguera.com.br\/index.php\/wp-json\/wp\/v2\/product_tag?post=15507"}],"curies":[{"name":"wp","href":"https:\/\/api.w.org\/{rel}","templated":true}]}}