{"id":15508,"date":"2022-11-23T21:25:42","date_gmt":"2022-11-23T21:25:42","guid":{"rendered":"https:\/\/autopecasanhanguera.com.br\/?post_type=product&#038;p=15508"},"modified":"2023-12-09T13:04:21","modified_gmt":"2023-12-09T13:04:21","slug":"tampa-oleo-mt-peugoet-1-0-16v","status":"publish","type":"product","link":"https:\/\/autopecasanhanguera.com.br\/index.php\/product\/tampa-oleo-mt-peugoet-1-0-16v\/","title":{"rendered":"TAMPA OLEO MT PEUGOET 1.0 16V"},"content":{"rendered":"<p>DESCRI\u00c7\u00c3O= TAMPA OLEO MT PEUGOET 1.0 16V C\u00d3DIGO DO FABRICANTE= *43* USADA MARCA = TANCLIC NEW<\/p>\n","protected":false},"excerpt":{"rendered":"<p>DESCRI\u00c7\u00c3O= TAMPA OLEO MT PEUGOET 1.0 16V C\u00d3DIGO DO FABRICANTE= *43* USADA MARCA = TANCLIC NEW<\/p>\n","protected":false},"featured_media":20681,"template":"","meta":{"om_disable_all_campaigns":false,"_monsterinsights_skip_tracking":false,"_monsterinsights_sitenote_active":false,"_monsterinsights_sitenote_note":"","_monsterinsights_sitenote_category":0},"product_cat":[96],"product_tag":[5301,4919,5300],"aioseo_notices":[],"_links":{"self":[{"href":"https:\/\/autopecasanhanguera.com.br\/index.php\/wp-json\/wp\/v2\/product\/15508"}],"collection":[{"href":"https:\/\/autopecasanhanguera.com.br\/index.php\/wp-json\/wp\/v2\/product"}],"about":[{"href":"https:\/\/autopecasanhanguera.com.br\/index.php\/wp-json\/wp\/v2\/types\/product"}],"wp:featuredmedia":[{"embeddable":true,"href":"https:\/\/autopecasanhanguera.com.br\/index.php\/wp-json\/wp\/v2\/media\/20681"}],"wp:attachment":[{"href":"https:\/\/autopecasanhanguera.com.br\/index.php\/wp-json\/wp\/v2\/media?parent=15508"}],"wp:term":[{"taxonomy":"product_cat","embeddable":true,"href":"https:\/\/autopecasanhanguera.com.br\/index.php\/wp-json\/wp\/v2\/product_cat?post=15508"},{"taxonomy":"product_tag","embeddable":true,"href":"https:\/\/autopecasanhanguera.com.br\/index.php\/wp-json\/wp\/v2\/product_tag?post=15508"}],"curies":[{"name":"wp","href":"https:\/\/api.w.org\/{rel}","templated":true}]}}