{"id":15573,"date":"2022-11-23T21:25:16","date_gmt":"2022-11-23T21:25:16","guid":{"rendered":"https:\/\/autopecasanhanguera.com.br\/?post_type=product&#038;p=15573"},"modified":"2025-04-28T13:12:12","modified_gmt":"2025-04-28T13:12:12","slug":"pingadeira-teto-palio-4-pts-ld","status":"publish","type":"product","link":"https:\/\/autopecasanhanguera.com.br\/index.php\/product\/pingadeira-teto-palio-4-pts-ld\/","title":{"rendered":"PINGADEIRA TETO PALIO 4 PTS LD"},"content":{"rendered":"<p>DESCRI\u00c7\u00c3O= PINGADEIRA TETO PALIO 4 PTS LD C\u00d3DIGO DO FABRICANTE= Y,142 MARCA = STOCK<\/p>\n","protected":false},"excerpt":{"rendered":"<p>DESCRI\u00c7\u00c3O= PINGADEIRA TETO PALIO 4 PTS LD C\u00d3DIGO DO FABRICANTE= Y,142 MARCA = STOCK<\/p>\n","protected":false},"featured_media":20784,"template":"","meta":{"om_disable_all_campaigns":false,"_monsterinsights_skip_tracking":false,"_monsterinsights_sitenote_active":false,"_monsterinsights_sitenote_note":"","_monsterinsights_sitenote_category":0},"product_cat":[89],"product_tag":[5388],"aioseo_notices":[],"_links":{"self":[{"href":"https:\/\/autopecasanhanguera.com.br\/index.php\/wp-json\/wp\/v2\/product\/15573"}],"collection":[{"href":"https:\/\/autopecasanhanguera.com.br\/index.php\/wp-json\/wp\/v2\/product"}],"about":[{"href":"https:\/\/autopecasanhanguera.com.br\/index.php\/wp-json\/wp\/v2\/types\/product"}],"wp:featuredmedia":[{"embeddable":true,"href":"https:\/\/autopecasanhanguera.com.br\/index.php\/wp-json\/wp\/v2\/media\/20784"}],"wp:attachment":[{"href":"https:\/\/autopecasanhanguera.com.br\/index.php\/wp-json\/wp\/v2\/media?parent=15573"}],"wp:term":[{"taxonomy":"product_cat","embeddable":true,"href":"https:\/\/autopecasanhanguera.com.br\/index.php\/wp-json\/wp\/v2\/product_cat?post=15573"},{"taxonomy":"product_tag","embeddable":true,"href":"https:\/\/autopecasanhanguera.com.br\/index.php\/wp-json\/wp\/v2\/product_tag?post=15573"}],"curies":[{"name":"wp","href":"https:\/\/api.w.org\/{rel}","templated":true}]}}