{"id":15625,"date":"2022-11-23T21:26:01","date_gmt":"2022-11-23T21:26:01","guid":{"rendered":"https:\/\/autopecasanhanguera.com.br\/?post_type=product&#038;p=15625"},"modified":"2023-11-07T20:29:26","modified_gmt":"2023-11-07T20:29:26","slug":"coifa-cx-direcao-megane","status":"publish","type":"product","link":"https:\/\/autopecasanhanguera.com.br\/index.php\/product\/coifa-cx-direcao-megane\/","title":{"rendered":"COIFA CX DIRECAO MEGANE"},"content":{"rendered":"<p>DESCRI\u00c7\u00c3O= COIFA CX DIRECAO MEGANE C\u00d3DIGO DO FABRICANTE= MB6027S MARCA = MOBESANI<\/p>\n","protected":false},"excerpt":{"rendered":"<p>DESCRI\u00c7\u00c3O= COIFA CX DIRECAO MEGANE C\u00d3DIGO DO FABRICANTE= MB6027S MARCA = MOBESANI<\/p>\n","protected":false},"featured_media":20632,"template":"","meta":{"om_disable_all_campaigns":false,"_monsterinsights_skip_tracking":false,"_monsterinsights_sitenote_active":false,"_monsterinsights_sitenote_note":"","_monsterinsights_sitenote_category":0},"product_cat":[92],"product_tag":[5225,5224],"aioseo_notices":[],"_links":{"self":[{"href":"https:\/\/autopecasanhanguera.com.br\/index.php\/wp-json\/wp\/v2\/product\/15625"}],"collection":[{"href":"https:\/\/autopecasanhanguera.com.br\/index.php\/wp-json\/wp\/v2\/product"}],"about":[{"href":"https:\/\/autopecasanhanguera.com.br\/index.php\/wp-json\/wp\/v2\/types\/product"}],"wp:featuredmedia":[{"embeddable":true,"href":"https:\/\/autopecasanhanguera.com.br\/index.php\/wp-json\/wp\/v2\/media\/20632"}],"wp:attachment":[{"href":"https:\/\/autopecasanhanguera.com.br\/index.php\/wp-json\/wp\/v2\/media?parent=15625"}],"wp:term":[{"taxonomy":"product_cat","embeddable":true,"href":"https:\/\/autopecasanhanguera.com.br\/index.php\/wp-json\/wp\/v2\/product_cat?post=15625"},{"taxonomy":"product_tag","embeddable":true,"href":"https:\/\/autopecasanhanguera.com.br\/index.php\/wp-json\/wp\/v2\/product_tag?post=15625"}],"curies":[{"name":"wp","href":"https:\/\/api.w.org\/{rel}","templated":true}]}}