{"id":1563,"date":"2022-11-23T21:10:05","date_gmt":"2022-11-23T21:10:05","guid":{"rendered":"https:\/\/autopecasanhanguera.com.br\/?post_type=product&#038;p=1563"},"modified":"2022-11-23T21:10:05","modified_gmt":"2022-11-23T21:10:05","slug":"manivela-vidro-uno-plast","status":"publish","type":"product","link":"https:\/\/autopecasanhanguera.com.br\/index.php\/product\/manivela-vidro-uno-plast\/","title":{"rendered":"MANIVELA VIDRO UNO PLAST"},"content":{"rendered":"<p>DESCRI\u00c7\u00c3O= MANIVELA VIDRO UNO PLAST C\u00d3DIGO DO FABRICANTE= 60791*43*XTX*6UN* MARCA = UNIVERSAL DESTAQUE<\/p>\n","protected":false},"excerpt":{"rendered":"<p>DESCRI\u00c7\u00c3O= MANIVELA VIDRO UNO PLAST C\u00d3DIGO DO FABRICANTE= 60791*43*XTX*6UN* MARCA = UNIVERSAL DESTAQUE<\/p>\n","protected":false},"featured_media":0,"template":"","meta":{"om_disable_all_campaigns":false,"_monsterinsights_skip_tracking":false,"_monsterinsights_sitenote_active":false,"_monsterinsights_sitenote_note":"","_monsterinsights_sitenote_category":0},"product_cat":[89],"product_tag":[],"aioseo_notices":[],"_links":{"self":[{"href":"https:\/\/autopecasanhanguera.com.br\/index.php\/wp-json\/wp\/v2\/product\/1563"}],"collection":[{"href":"https:\/\/autopecasanhanguera.com.br\/index.php\/wp-json\/wp\/v2\/product"}],"about":[{"href":"https:\/\/autopecasanhanguera.com.br\/index.php\/wp-json\/wp\/v2\/types\/product"}],"wp:attachment":[{"href":"https:\/\/autopecasanhanguera.com.br\/index.php\/wp-json\/wp\/v2\/media?parent=1563"}],"wp:term":[{"taxonomy":"product_cat","embeddable":true,"href":"https:\/\/autopecasanhanguera.com.br\/index.php\/wp-json\/wp\/v2\/product_cat?post=1563"},{"taxonomy":"product_tag","embeddable":true,"href":"https:\/\/autopecasanhanguera.com.br\/index.php\/wp-json\/wp\/v2\/product_tag?post=1563"}],"curies":[{"name":"wp","href":"https:\/\/api.w.org\/{rel}","templated":true}]}}