{"id":15755,"date":"2022-11-23T21:26:29","date_gmt":"2022-11-23T21:26:29","guid":{"rendered":"https:\/\/autopecasanhanguera.com.br\/?post_type=product&#038;p=15755"},"modified":"2023-10-10T18:16:47","modified_gmt":"2023-10-10T18:16:47","slug":"amortecedor-tras-etios","status":"publish","type":"product","link":"https:\/\/autopecasanhanguera.com.br\/index.php\/product\/amortecedor-tras-etios\/","title":{"rendered":"AMORTECEDOR TRAS ETIOS"},"content":{"rendered":"<p>DESCRI\u00c7\u00c3O= AMORTECEDOR TRAS ETIOS C\u00d3DIGO DO FABRICANTE= 10AT010*43* MARCA = M&amp;C<\/p>\n","protected":false},"excerpt":{"rendered":"<p>DESCRI\u00c7\u00c3O= AMORTECEDOR TRAS ETIOS C\u00d3DIGO DO FABRICANTE= 10AT010*43* MARCA = M&amp;C<\/p>\n","protected":false},"featured_media":20548,"template":"","meta":{"om_disable_all_campaigns":false,"_monsterinsights_skip_tracking":false,"_monsterinsights_sitenote_active":false,"_monsterinsights_sitenote_note":"","_monsterinsights_sitenote_category":0},"product_cat":[92],"product_tag":[4742,5102],"aioseo_notices":[],"_links":{"self":[{"href":"https:\/\/autopecasanhanguera.com.br\/index.php\/wp-json\/wp\/v2\/product\/15755"}],"collection":[{"href":"https:\/\/autopecasanhanguera.com.br\/index.php\/wp-json\/wp\/v2\/product"}],"about":[{"href":"https:\/\/autopecasanhanguera.com.br\/index.php\/wp-json\/wp\/v2\/types\/product"}],"wp:featuredmedia":[{"embeddable":true,"href":"https:\/\/autopecasanhanguera.com.br\/index.php\/wp-json\/wp\/v2\/media\/20548"}],"wp:attachment":[{"href":"https:\/\/autopecasanhanguera.com.br\/index.php\/wp-json\/wp\/v2\/media?parent=15755"}],"wp:term":[{"taxonomy":"product_cat","embeddable":true,"href":"https:\/\/autopecasanhanguera.com.br\/index.php\/wp-json\/wp\/v2\/product_cat?post=15755"},{"taxonomy":"product_tag","embeddable":true,"href":"https:\/\/autopecasanhanguera.com.br\/index.php\/wp-json\/wp\/v2\/product_tag?post=15755"}],"curies":[{"name":"wp","href":"https:\/\/api.w.org\/{rel}","templated":true}]}}