{"id":1580,"date":"2022-11-23T21:10:09","date_gmt":"2022-11-23T21:10:09","guid":{"rendered":"https:\/\/autopecasanhanguera.com.br\/?post_type=product&#038;p=1580"},"modified":"2022-11-23T21:10:09","modified_gmt":"2022-11-23T21:10:09","slug":"fuzivel-louca-30-amp-15-amp","status":"publish","type":"product","link":"https:\/\/autopecasanhanguera.com.br\/index.php\/product\/fuzivel-louca-30-amp-15-amp\/","title":{"rendered":"FUZIVEL LOUCA 30 AMP 15 AMP"},"content":{"rendered":"<p>DESCRI\u00c7\u00c3O= FUZIVEL LOUCA 30 AMP 15 AMP C\u00d3DIGO DO FABRICANTE= 11030\/AMS11015\/1331C MARCA = AMS<\/p>\n","protected":false},"excerpt":{"rendered":"<p>DESCRI\u00c7\u00c3O= FUZIVEL LOUCA 30 AMP 15 AMP C\u00d3DIGO DO FABRICANTE= 11030\/AMS11015\/1331C MARCA = AMS<\/p>\n","protected":false},"featured_media":0,"template":"","meta":{"om_disable_all_campaigns":false,"_monsterinsights_skip_tracking":false,"_monsterinsights_sitenote_active":false,"_monsterinsights_sitenote_note":"","_monsterinsights_sitenote_category":0},"product_cat":[127],"product_tag":[],"aioseo_notices":[],"_links":{"self":[{"href":"https:\/\/autopecasanhanguera.com.br\/index.php\/wp-json\/wp\/v2\/product\/1580"}],"collection":[{"href":"https:\/\/autopecasanhanguera.com.br\/index.php\/wp-json\/wp\/v2\/product"}],"about":[{"href":"https:\/\/autopecasanhanguera.com.br\/index.php\/wp-json\/wp\/v2\/types\/product"}],"wp:attachment":[{"href":"https:\/\/autopecasanhanguera.com.br\/index.php\/wp-json\/wp\/v2\/media?parent=1580"}],"wp:term":[{"taxonomy":"product_cat","embeddable":true,"href":"https:\/\/autopecasanhanguera.com.br\/index.php\/wp-json\/wp\/v2\/product_cat?post=1580"},{"taxonomy":"product_tag","embeddable":true,"href":"https:\/\/autopecasanhanguera.com.br\/index.php\/wp-json\/wp\/v2\/product_tag?post=1580"}],"curies":[{"name":"wp","href":"https:\/\/api.w.org\/{rel}","templated":true}]}}