{"id":15836,"date":"2022-11-23T21:25:35","date_gmt":"2022-11-23T21:25:35","guid":{"rendered":"https:\/\/autopecasanhanguera.com.br\/?post_type=product&#038;p=15836"},"modified":"2025-03-20T18:09:23","modified_gmt":"2025-03-20T18:09:23","slug":"antena-eletronica-universal","status":"publish","type":"product","link":"https:\/\/autopecasanhanguera.com.br\/index.php\/product\/antena-eletronica-universal\/","title":{"rendered":"ANTENA ELETRONICA UNIVERSAL"},"content":{"rendered":"<p>DESCRI\u00c7\u00c3O= ANTENA ELETRONICA UNIVERSAL C\u00d3DIGO DO FABRICANTE= O23200140 MARCA = MAXI VITRA<\/p>\n","protected":false},"excerpt":{"rendered":"<p>DESCRI\u00c7\u00c3O= ANTENA ELETRONICA UNIVERSAL C\u00d3DIGO DO FABRICANTE= O23200140 MARCA = MAXI VITRA<\/p>\n","protected":false},"featured_media":20713,"template":"","meta":{"om_disable_all_campaigns":false,"_monsterinsights_skip_tracking":false,"_monsterinsights_sitenote_active":false,"_monsterinsights_sitenote_note":"","_monsterinsights_sitenote_category":0},"product_cat":[89],"product_tag":[5336],"aioseo_notices":[],"_links":{"self":[{"href":"https:\/\/autopecasanhanguera.com.br\/index.php\/wp-json\/wp\/v2\/product\/15836"}],"collection":[{"href":"https:\/\/autopecasanhanguera.com.br\/index.php\/wp-json\/wp\/v2\/product"}],"about":[{"href":"https:\/\/autopecasanhanguera.com.br\/index.php\/wp-json\/wp\/v2\/types\/product"}],"wp:featuredmedia":[{"embeddable":true,"href":"https:\/\/autopecasanhanguera.com.br\/index.php\/wp-json\/wp\/v2\/media\/20713"}],"wp:attachment":[{"href":"https:\/\/autopecasanhanguera.com.br\/index.php\/wp-json\/wp\/v2\/media?parent=15836"}],"wp:term":[{"taxonomy":"product_cat","embeddable":true,"href":"https:\/\/autopecasanhanguera.com.br\/index.php\/wp-json\/wp\/v2\/product_cat?post=15836"},{"taxonomy":"product_tag","embeddable":true,"href":"https:\/\/autopecasanhanguera.com.br\/index.php\/wp-json\/wp\/v2\/product_tag?post=15836"}],"curies":[{"name":"wp","href":"https:\/\/api.w.org\/{rel}","templated":true}]}}