{"id":15843,"date":"2022-11-23T21:25:41","date_gmt":"2022-11-23T21:25:41","guid":{"rendered":"https:\/\/autopecasanhanguera.com.br\/?post_type=product&#038;p=15843"},"modified":"2023-12-11T19:15:09","modified_gmt":"2023-12-11T19:15:09","slug":"bracadeira-plastica-200","status":"publish","type":"product","link":"https:\/\/autopecasanhanguera.com.br\/index.php\/product\/bracadeira-plastica-200\/","title":{"rendered":"BRACADEIRA PLASTICA 200"},"content":{"rendered":"<p>DESCRI\u00c7\u00c3O= BRACADEIRA PLASTICA 200 C\u00d3DIGO DO FABRICANTE= 3050025*43*XPA*100PC MARCA = NEW<\/p>\n","protected":false},"excerpt":{"rendered":"<p>DESCRI\u00c7\u00c3O= BRACADEIRA PLASTICA 200 C\u00d3DIGO DO FABRICANTE= 3050025*43*XPA*100PC MARCA = NEW<\/p>\n","protected":false},"featured_media":20685,"template":"","meta":{"om_disable_all_campaigns":false,"_monsterinsights_skip_tracking":false,"_monsterinsights_sitenote_active":false,"_monsterinsights_sitenote_note":"","_monsterinsights_sitenote_category":0},"product_cat":[103],"product_tag":[5304,5303,5305],"aioseo_notices":[],"_links":{"self":[{"href":"https:\/\/autopecasanhanguera.com.br\/index.php\/wp-json\/wp\/v2\/product\/15843"}],"collection":[{"href":"https:\/\/autopecasanhanguera.com.br\/index.php\/wp-json\/wp\/v2\/product"}],"about":[{"href":"https:\/\/autopecasanhanguera.com.br\/index.php\/wp-json\/wp\/v2\/types\/product"}],"wp:featuredmedia":[{"embeddable":true,"href":"https:\/\/autopecasanhanguera.com.br\/index.php\/wp-json\/wp\/v2\/media\/20685"}],"wp:attachment":[{"href":"https:\/\/autopecasanhanguera.com.br\/index.php\/wp-json\/wp\/v2\/media?parent=15843"}],"wp:term":[{"taxonomy":"product_cat","embeddable":true,"href":"https:\/\/autopecasanhanguera.com.br\/index.php\/wp-json\/wp\/v2\/product_cat?post=15843"},{"taxonomy":"product_tag","embeddable":true,"href":"https:\/\/autopecasanhanguera.com.br\/index.php\/wp-json\/wp\/v2\/product_tag?post=15843"}],"curies":[{"name":"wp","href":"https:\/\/api.w.org\/{rel}","templated":true}]}}