{"id":15931,"date":"2022-11-23T21:25:31","date_gmt":"2022-11-23T21:25:31","guid":{"rendered":"https:\/\/autopecasanhanguera.com.br\/?post_type=product&#038;p=15931"},"modified":"2025-03-21T18:01:22","modified_gmt":"2025-03-21T18:01:22","slug":"pastilha-freio-peugeot-206","status":"publish","type":"product","link":"https:\/\/autopecasanhanguera.com.br\/index.php\/product\/pastilha-freio-peugeot-206\/","title":{"rendered":"PASTILHA FREIO PEUGEOT 206"},"content":{"rendered":"<p>DESCRI\u00c7\u00c3O= PASTILHA FREIO PEUGEOT 206 C\u00d3DIGO DO FABRICANTE= SYL1321*43*PEXX* MARCA = FRAS-LE<\/p>\n","protected":false},"excerpt":{"rendered":"<p>DESCRI\u00c7\u00c3O= PASTILHA FREIO PEUGEOT 206 C\u00d3DIGO DO FABRICANTE= SYL1321*43*PEXX* MARCA = FRAS-LE<\/p>\n","protected":false},"featured_media":20727,"template":"","meta":{"om_disable_all_campaigns":false,"_monsterinsights_skip_tracking":false,"_monsterinsights_sitenote_active":false,"_monsterinsights_sitenote_note":"","_monsterinsights_sitenote_category":0},"product_cat":[99],"product_tag":[5351],"aioseo_notices":[],"_links":{"self":[{"href":"https:\/\/autopecasanhanguera.com.br\/index.php\/wp-json\/wp\/v2\/product\/15931"}],"collection":[{"href":"https:\/\/autopecasanhanguera.com.br\/index.php\/wp-json\/wp\/v2\/product"}],"about":[{"href":"https:\/\/autopecasanhanguera.com.br\/index.php\/wp-json\/wp\/v2\/types\/product"}],"wp:featuredmedia":[{"embeddable":true,"href":"https:\/\/autopecasanhanguera.com.br\/index.php\/wp-json\/wp\/v2\/media\/20727"}],"wp:attachment":[{"href":"https:\/\/autopecasanhanguera.com.br\/index.php\/wp-json\/wp\/v2\/media?parent=15931"}],"wp:term":[{"taxonomy":"product_cat","embeddable":true,"href":"https:\/\/autopecasanhanguera.com.br\/index.php\/wp-json\/wp\/v2\/product_cat?post=15931"},{"taxonomy":"product_tag","embeddable":true,"href":"https:\/\/autopecasanhanguera.com.br\/index.php\/wp-json\/wp\/v2\/product_tag?post=15931"}],"curies":[{"name":"wp","href":"https:\/\/api.w.org\/{rel}","templated":true}]}}