{"id":15991,"date":"2022-11-23T21:25:53","date_gmt":"2022-11-23T21:25:53","guid":{"rendered":"https:\/\/autopecasanhanguera.com.br\/?post_type=product&#038;p=15991"},"modified":"2023-11-16T18:13:54","modified_gmt":"2023-11-16T18:13:54","slug":"engate-cabo-tranbulador-corsa","status":"publish","type":"product","link":"https:\/\/autopecasanhanguera.com.br\/index.php\/product\/engate-cabo-tranbulador-corsa\/","title":{"rendered":"ENGATE CABO TRANBULADOR CORSA"},"content":{"rendered":"<p>DESCRI\u00c7\u00c3O= ENGATE CABO TRANBULADOR CORSA C\u00d3DIGO DO FABRICANTE= 13015010009 MARCA = PECA+<\/p>\n","protected":false},"excerpt":{"rendered":"<p>DESCRI\u00c7\u00c3O= ENGATE CABO TRANBULADOR CORSA C\u00d3DIGO DO FABRICANTE= 13015010009 MARCA = PECA+<\/p>\n","protected":false},"featured_media":20652,"template":"","meta":{"om_disable_all_campaigns":false,"_monsterinsights_skip_tracking":false,"_monsterinsights_sitenote_active":false,"_monsterinsights_sitenote_note":"","_monsterinsights_sitenote_category":0},"product_cat":[205],"product_tag":[5259,5258],"aioseo_notices":[],"_links":{"self":[{"href":"https:\/\/autopecasanhanguera.com.br\/index.php\/wp-json\/wp\/v2\/product\/15991"}],"collection":[{"href":"https:\/\/autopecasanhanguera.com.br\/index.php\/wp-json\/wp\/v2\/product"}],"about":[{"href":"https:\/\/autopecasanhanguera.com.br\/index.php\/wp-json\/wp\/v2\/types\/product"}],"wp:featuredmedia":[{"embeddable":true,"href":"https:\/\/autopecasanhanguera.com.br\/index.php\/wp-json\/wp\/v2\/media\/20652"}],"wp:attachment":[{"href":"https:\/\/autopecasanhanguera.com.br\/index.php\/wp-json\/wp\/v2\/media?parent=15991"}],"wp:term":[{"taxonomy":"product_cat","embeddable":true,"href":"https:\/\/autopecasanhanguera.com.br\/index.php\/wp-json\/wp\/v2\/product_cat?post=15991"},{"taxonomy":"product_tag","embeddable":true,"href":"https:\/\/autopecasanhanguera.com.br\/index.php\/wp-json\/wp\/v2\/product_tag?post=15991"}],"curies":[{"name":"wp","href":"https:\/\/api.w.org\/{rel}","templated":true}]}}