{"id":16003,"date":"2022-11-23T21:25:36","date_gmt":"2022-11-23T21:25:36","guid":{"rendered":"https:\/\/autopecasanhanguera.com.br\/?post_type=product&#038;p=16003"},"modified":"2024-02-23T18:04:15","modified_gmt":"2024-02-23T18:04:15","slug":"jogo-presilha-forro-porta-seda","status":"publish","type":"product","link":"https:\/\/autopecasanhanguera.com.br\/index.php\/product\/jogo-presilha-forro-porta-seda\/","title":{"rendered":"JOGO PRESILHA FORRO PORTA SEDA"},"content":{"rendered":"<p>DESCRI\u00c7\u00c3O= JOGO PRESILHA FORRO PORTA SEDA C\u00d3DIGO DO FABRICANTE= DIV 25 MARCA = UNIVERSAL<\/p>\n","protected":false},"excerpt":{"rendered":"<p>DESCRI\u00c7\u00c3O= JOGO PRESILHA FORRO PORTA SEDA C\u00d3DIGO DO FABRICANTE= DIV 25 MARCA = UNIVERSAL<\/p>\n","protected":false},"featured_media":20707,"template":"","meta":{"om_disable_all_campaigns":false,"_monsterinsights_skip_tracking":false,"_monsterinsights_sitenote_active":false,"_monsterinsights_sitenote_note":"","_monsterinsights_sitenote_category":0},"product_cat":[105],"product_tag":[],"aioseo_notices":[],"_links":{"self":[{"href":"https:\/\/autopecasanhanguera.com.br\/index.php\/wp-json\/wp\/v2\/product\/16003"}],"collection":[{"href":"https:\/\/autopecasanhanguera.com.br\/index.php\/wp-json\/wp\/v2\/product"}],"about":[{"href":"https:\/\/autopecasanhanguera.com.br\/index.php\/wp-json\/wp\/v2\/types\/product"}],"wp:featuredmedia":[{"embeddable":true,"href":"https:\/\/autopecasanhanguera.com.br\/index.php\/wp-json\/wp\/v2\/media\/20707"}],"wp:attachment":[{"href":"https:\/\/autopecasanhanguera.com.br\/index.php\/wp-json\/wp\/v2\/media?parent=16003"}],"wp:term":[{"taxonomy":"product_cat","embeddable":true,"href":"https:\/\/autopecasanhanguera.com.br\/index.php\/wp-json\/wp\/v2\/product_cat?post=16003"},{"taxonomy":"product_tag","embeddable":true,"href":"https:\/\/autopecasanhanguera.com.br\/index.php\/wp-json\/wp\/v2\/product_tag?post=16003"}],"curies":[{"name":"wp","href":"https:\/\/api.w.org\/{rel}","templated":true}]}}