{"id":16037,"date":"2022-11-23T21:25:24","date_gmt":"2022-11-23T21:25:24","guid":{"rendered":"https:\/\/autopecasanhanguera.com.br\/?post_type=product&#038;p=16037"},"modified":"2025-04-04T13:46:39","modified_gmt":"2025-04-04T13:46:39","slug":"capa-retrovisor-cruzer-le","status":"publish","type":"product","link":"https:\/\/autopecasanhanguera.com.br\/index.php\/product\/capa-retrovisor-cruzer-le\/","title":{"rendered":"CAPA RETROVISOR CRUZER LE"},"content":{"rendered":"<p>DESCRI\u00c7\u00c3O= CAPA RETROVISOR CRUZER LE C\u00d3DIGO DO FABRICANTE= **43** MARCA = METAGAL<\/p>\n","protected":false},"excerpt":{"rendered":"<p>DESCRI\u00c7\u00c3O= CAPA RETROVISOR CRUZER LE C\u00d3DIGO DO FABRICANTE= **43** MARCA = METAGAL<\/p>\n","protected":false},"featured_media":20750,"template":"","meta":{"om_disable_all_campaigns":false,"_monsterinsights_skip_tracking":false,"_monsterinsights_sitenote_active":false,"_monsterinsights_sitenote_note":"","_monsterinsights_sitenote_category":0},"product_cat":[89],"product_tag":[5367],"aioseo_notices":[],"_links":{"self":[{"href":"https:\/\/autopecasanhanguera.com.br\/index.php\/wp-json\/wp\/v2\/product\/16037"}],"collection":[{"href":"https:\/\/autopecasanhanguera.com.br\/index.php\/wp-json\/wp\/v2\/product"}],"about":[{"href":"https:\/\/autopecasanhanguera.com.br\/index.php\/wp-json\/wp\/v2\/types\/product"}],"wp:featuredmedia":[{"embeddable":true,"href":"https:\/\/autopecasanhanguera.com.br\/index.php\/wp-json\/wp\/v2\/media\/20750"}],"wp:attachment":[{"href":"https:\/\/autopecasanhanguera.com.br\/index.php\/wp-json\/wp\/v2\/media?parent=16037"}],"wp:term":[{"taxonomy":"product_cat","embeddable":true,"href":"https:\/\/autopecasanhanguera.com.br\/index.php\/wp-json\/wp\/v2\/product_cat?post=16037"},{"taxonomy":"product_tag","embeddable":true,"href":"https:\/\/autopecasanhanguera.com.br\/index.php\/wp-json\/wp\/v2\/product_tag?post=16037"}],"curies":[{"name":"wp","href":"https:\/\/api.w.org\/{rel}","templated":true}]}}