{"id":16106,"date":"2022-11-23T21:26:00","date_gmt":"2022-11-23T21:26:00","guid":{"rendered":"https:\/\/autopecasanhanguera.com.br\/?post_type=product&#038;p=16106"},"modified":"2023-11-06T18:01:26","modified_gmt":"2023-11-06T18:01:26","slug":"boia-carb-sol-fat-147-h32-dis","status":"publish","type":"product","link":"https:\/\/autopecasanhanguera.com.br\/index.php\/product\/boia-carb-sol-fat-147-h32-dis\/","title":{"rendered":"BOIA CARB SOL FAT 147 H32 DIS"},"content":{"rendered":"<p>DESCRI\u00c7\u00c3O= BOIA CARB SOL FAT 147 H32 DIS C\u00d3DIGO DO FABRICANTE= 520.002.00-6 MARCA = BIGA<\/p>\n","protected":false},"excerpt":{"rendered":"<p>DESCRI\u00c7\u00c3O= BOIA CARB SOL FAT 147 H32 DIS C\u00d3DIGO DO FABRICANTE= 520.002.00-6 MARCA = BIGA<\/p>\n","protected":false},"featured_media":20625,"template":"","meta":{"om_disable_all_campaigns":false,"_monsterinsights_skip_tracking":false,"_monsterinsights_sitenote_active":false,"_monsterinsights_sitenote_note":"","_monsterinsights_sitenote_category":0},"product_cat":[300],"product_tag":[5217,5216],"aioseo_notices":[],"_links":{"self":[{"href":"https:\/\/autopecasanhanguera.com.br\/index.php\/wp-json\/wp\/v2\/product\/16106"}],"collection":[{"href":"https:\/\/autopecasanhanguera.com.br\/index.php\/wp-json\/wp\/v2\/product"}],"about":[{"href":"https:\/\/autopecasanhanguera.com.br\/index.php\/wp-json\/wp\/v2\/types\/product"}],"wp:featuredmedia":[{"embeddable":true,"href":"https:\/\/autopecasanhanguera.com.br\/index.php\/wp-json\/wp\/v2\/media\/20625"}],"wp:attachment":[{"href":"https:\/\/autopecasanhanguera.com.br\/index.php\/wp-json\/wp\/v2\/media?parent=16106"}],"wp:term":[{"taxonomy":"product_cat","embeddable":true,"href":"https:\/\/autopecasanhanguera.com.br\/index.php\/wp-json\/wp\/v2\/product_cat?post=16106"},{"taxonomy":"product_tag","embeddable":true,"href":"https:\/\/autopecasanhanguera.com.br\/index.php\/wp-json\/wp\/v2\/product_tag?post=16106"}],"curies":[{"name":"wp","href":"https:\/\/api.w.org\/{rel}","templated":true}]}}