{"id":16121,"date":"2022-11-23T21:25:29","date_gmt":"2022-11-23T21:25:29","guid":{"rendered":"https:\/\/autopecasanhanguera.com.br\/?post_type=product&#038;p=16121"},"modified":"2025-03-25T17:04:09","modified_gmt":"2025-03-25T17:04:09","slug":"interruptor-vidro-ele-fox-gol-2","status":"publish","type":"product","link":"https:\/\/autopecasanhanguera.com.br\/index.php\/product\/interruptor-vidro-ele-fox-gol-2\/","title":{"rendered":"INTERRUPTOR VIDRO ELE FOX GOL"},"content":{"rendered":"<p>DESCRI\u00c7\u00c3O= INTERRUPTOR VIDRO ELE FOX GOL C\u00d3DIGO DO FABRICANTE= KO 3934300 VW0113 MARCA = KOSTAL<\/p>\n","protected":false},"excerpt":{"rendered":"<p>DESCRI\u00c7\u00c3O= INTERRUPTOR VIDRO ELE FOX GOL C\u00d3DIGO DO FABRICANTE= KO 3934300 VW0113 MARCA = KOSTAL<\/p>\n","protected":false},"featured_media":20733,"template":"","meta":{"om_disable_all_campaigns":false,"_monsterinsights_skip_tracking":false,"_monsterinsights_sitenote_active":false,"_monsterinsights_sitenote_note":"","_monsterinsights_sitenote_category":0},"product_cat":[89],"product_tag":[5357],"aioseo_notices":[],"_links":{"self":[{"href":"https:\/\/autopecasanhanguera.com.br\/index.php\/wp-json\/wp\/v2\/product\/16121"}],"collection":[{"href":"https:\/\/autopecasanhanguera.com.br\/index.php\/wp-json\/wp\/v2\/product"}],"about":[{"href":"https:\/\/autopecasanhanguera.com.br\/index.php\/wp-json\/wp\/v2\/types\/product"}],"wp:featuredmedia":[{"embeddable":true,"href":"https:\/\/autopecasanhanguera.com.br\/index.php\/wp-json\/wp\/v2\/media\/20733"}],"wp:attachment":[{"href":"https:\/\/autopecasanhanguera.com.br\/index.php\/wp-json\/wp\/v2\/media?parent=16121"}],"wp:term":[{"taxonomy":"product_cat","embeddable":true,"href":"https:\/\/autopecasanhanguera.com.br\/index.php\/wp-json\/wp\/v2\/product_cat?post=16121"},{"taxonomy":"product_tag","embeddable":true,"href":"https:\/\/autopecasanhanguera.com.br\/index.php\/wp-json\/wp\/v2\/product_tag?post=16121"}],"curies":[{"name":"wp","href":"https:\/\/api.w.org\/{rel}","templated":true}]}}