{"id":16145,"date":"2022-11-23T21:24:55","date_gmt":"2022-11-23T21:24:55","guid":{"rendered":"https:\/\/autopecasanhanguera.com.br\/?post_type=product&#038;p=16145"},"modified":"2022-11-23T21:24:55","modified_gmt":"2022-11-23T21:24:55","slug":"arruela-pressao-10mm","status":"publish","type":"product","link":"https:\/\/autopecasanhanguera.com.br\/index.php\/product\/arruela-pressao-10mm\/","title":{"rendered":"ARRUELA PRESSAO 10MM"},"content":{"rendered":"<p>DESCRI\u00c7\u00c3O= ARRUELA PRESSAO 10MM C\u00d3DIGO DO FABRICANTE= *43*             1UN MARCA = PARAFUSO E CIA<\/p>\n","protected":false},"excerpt":{"rendered":"<p>DESCRI\u00c7\u00c3O= ARRUELA PRESSAO 10MM C\u00d3DIGO DO FABRICANTE= *43* 1UN MARCA = PARAFUSO E CIA<\/p>\n","protected":false},"featured_media":0,"template":"","meta":{"om_disable_all_campaigns":false,"_monsterinsights_skip_tracking":false,"_monsterinsights_sitenote_active":false,"_monsterinsights_sitenote_note":"","_monsterinsights_sitenote_category":0},"product_cat":[103],"product_tag":[],"aioseo_notices":[],"_links":{"self":[{"href":"https:\/\/autopecasanhanguera.com.br\/index.php\/wp-json\/wp\/v2\/product\/16145"}],"collection":[{"href":"https:\/\/autopecasanhanguera.com.br\/index.php\/wp-json\/wp\/v2\/product"}],"about":[{"href":"https:\/\/autopecasanhanguera.com.br\/index.php\/wp-json\/wp\/v2\/types\/product"}],"wp:attachment":[{"href":"https:\/\/autopecasanhanguera.com.br\/index.php\/wp-json\/wp\/v2\/media?parent=16145"}],"wp:term":[{"taxonomy":"product_cat","embeddable":true,"href":"https:\/\/autopecasanhanguera.com.br\/index.php\/wp-json\/wp\/v2\/product_cat?post=16145"},{"taxonomy":"product_tag","embeddable":true,"href":"https:\/\/autopecasanhanguera.com.br\/index.php\/wp-json\/wp\/v2\/product_tag?post=16145"}],"curies":[{"name":"wp","href":"https:\/\/api.w.org\/{rel}","templated":true}]}}