{"id":16179,"date":"2022-11-23T21:25:12","date_gmt":"2022-11-23T21:25:12","guid":{"rendered":"https:\/\/autopecasanhanguera.com.br\/?post_type=product&#038;p=16179"},"modified":"2025-05-15T19:25:21","modified_gmt":"2025-05-15T19:25:21","slug":"coxim-mola-tras-uno","status":"publish","type":"product","link":"https:\/\/autopecasanhanguera.com.br\/index.php\/product\/coxim-mola-tras-uno\/","title":{"rendered":"COXIM MOLA TRAS UNO"},"content":{"rendered":"<p>DESCRI\u00c7\u00c3O= COXIM MOLA TRAS UNO C\u00d3DIGO DO FABRICANTE= 10077 50032*43*DAU* MARCA = NEW<\/p>\n","protected":false},"excerpt":{"rendered":"<p>DESCRI\u00c7\u00c3O= COXIM MOLA TRAS UNO C\u00d3DIGO DO FABRICANTE= 10077 50032*43*DAU* MARCA = NEW<\/p>\n","protected":false},"featured_media":20799,"template":"","meta":{"om_disable_all_campaigns":false,"_monsterinsights_skip_tracking":false,"_monsterinsights_sitenote_active":false,"_monsterinsights_sitenote_note":"","_monsterinsights_sitenote_category":0},"product_cat":[92],"product_tag":[5403],"aioseo_notices":[],"_links":{"self":[{"href":"https:\/\/autopecasanhanguera.com.br\/index.php\/wp-json\/wp\/v2\/product\/16179"}],"collection":[{"href":"https:\/\/autopecasanhanguera.com.br\/index.php\/wp-json\/wp\/v2\/product"}],"about":[{"href":"https:\/\/autopecasanhanguera.com.br\/index.php\/wp-json\/wp\/v2\/types\/product"}],"wp:featuredmedia":[{"embeddable":true,"href":"https:\/\/autopecasanhanguera.com.br\/index.php\/wp-json\/wp\/v2\/media\/20799"}],"wp:attachment":[{"href":"https:\/\/autopecasanhanguera.com.br\/index.php\/wp-json\/wp\/v2\/media?parent=16179"}],"wp:term":[{"taxonomy":"product_cat","embeddable":true,"href":"https:\/\/autopecasanhanguera.com.br\/index.php\/wp-json\/wp\/v2\/product_cat?post=16179"},{"taxonomy":"product_tag","embeddable":true,"href":"https:\/\/autopecasanhanguera.com.br\/index.php\/wp-json\/wp\/v2\/product_tag?post=16179"}],"curies":[{"name":"wp","href":"https:\/\/api.w.org\/{rel}","templated":true}]}}