{"id":16193,"date":"2022-11-23T21:24:35","date_gmt":"2022-11-23T21:24:35","guid":{"rendered":"https:\/\/autopecasanhanguera.com.br\/?post_type=product&#038;p=16193"},"modified":"2022-11-23T21:24:35","modified_gmt":"2022-11-23T21:24:35","slug":"conj-emb-vw-1300-modelo-carvao","status":"publish","type":"product","link":"https:\/\/autopecasanhanguera.com.br\/index.php\/product\/conj-emb-vw-1300-modelo-carvao\/","title":{"rendered":"CONJ EMB VW 1300 MODELO CARVAO"},"content":{"rendered":"<p>DESCRI\u00c7\u00c3O= CONJ EMB VW 1300 MODELO CARVAO C\u00d3DIGO DO FABRICANTE= **43** MARCA = LC<\/p>\n","protected":false},"excerpt":{"rendered":"<p>DESCRI\u00c7\u00c3O= CONJ EMB VW 1300 MODELO CARVAO C\u00d3DIGO DO FABRICANTE= **43** MARCA = LC<\/p>\n","protected":false},"featured_media":0,"template":"","meta":{"om_disable_all_campaigns":false,"_monsterinsights_skip_tracking":false,"_monsterinsights_sitenote_active":false,"_monsterinsights_sitenote_note":"","_monsterinsights_sitenote_category":0},"product_cat":[154],"product_tag":[],"aioseo_notices":[],"_links":{"self":[{"href":"https:\/\/autopecasanhanguera.com.br\/index.php\/wp-json\/wp\/v2\/product\/16193"}],"collection":[{"href":"https:\/\/autopecasanhanguera.com.br\/index.php\/wp-json\/wp\/v2\/product"}],"about":[{"href":"https:\/\/autopecasanhanguera.com.br\/index.php\/wp-json\/wp\/v2\/types\/product"}],"wp:attachment":[{"href":"https:\/\/autopecasanhanguera.com.br\/index.php\/wp-json\/wp\/v2\/media?parent=16193"}],"wp:term":[{"taxonomy":"product_cat","embeddable":true,"href":"https:\/\/autopecasanhanguera.com.br\/index.php\/wp-json\/wp\/v2\/product_cat?post=16193"},{"taxonomy":"product_tag","embeddable":true,"href":"https:\/\/autopecasanhanguera.com.br\/index.php\/wp-json\/wp\/v2\/product_tag?post=16193"}],"curies":[{"name":"wp","href":"https:\/\/api.w.org\/{rel}","templated":true}]}}