{"id":1636,"date":"2022-11-23T21:10:16","date_gmt":"2022-11-23T21:10:16","guid":{"rendered":"https:\/\/autopecasanhanguera.com.br\/?post_type=product&#038;p=1636"},"modified":"2022-11-23T21:10:16","modified_gmt":"2022-11-23T21:10:16","slug":"trizeta-palio-1-0-orig7702194","status":"publish","type":"product","link":"https:\/\/autopecasanhanguera.com.br\/index.php\/product\/trizeta-palio-1-0-orig7702194\/","title":{"rendered":"TRIZETA PALIO 1.0 ORIG7702194"},"content":{"rendered":"<p>DESCRI\u00c7\u00c3O= TRIZETA PALIO 1.0 ORIG7702194 C\u00d3DIGO DO FABRICANTE= AL642 TRC03503 AL533 MARCA = BRASIL COMPONENTES A<\/p>\n","protected":false},"excerpt":{"rendered":"<p>DESCRI\u00c7\u00c3O= TRIZETA PALIO 1.0 ORIG7702194 C\u00d3DIGO DO FABRICANTE= AL642 TRC03503 AL533 MARCA = BRASIL COMPONENTES A<\/p>\n","protected":false},"featured_media":0,"template":"","meta":{"om_disable_all_campaigns":false,"_monsterinsights_skip_tracking":false,"_monsterinsights_sitenote_active":false,"_monsterinsights_sitenote_note":"","_monsterinsights_sitenote_category":0},"product_cat":[256],"product_tag":[],"aioseo_notices":[],"_links":{"self":[{"href":"https:\/\/autopecasanhanguera.com.br\/index.php\/wp-json\/wp\/v2\/product\/1636"}],"collection":[{"href":"https:\/\/autopecasanhanguera.com.br\/index.php\/wp-json\/wp\/v2\/product"}],"about":[{"href":"https:\/\/autopecasanhanguera.com.br\/index.php\/wp-json\/wp\/v2\/types\/product"}],"wp:attachment":[{"href":"https:\/\/autopecasanhanguera.com.br\/index.php\/wp-json\/wp\/v2\/media?parent=1636"}],"wp:term":[{"taxonomy":"product_cat","embeddable":true,"href":"https:\/\/autopecasanhanguera.com.br\/index.php\/wp-json\/wp\/v2\/product_cat?post=1636"},{"taxonomy":"product_tag","embeddable":true,"href":"https:\/\/autopecasanhanguera.com.br\/index.php\/wp-json\/wp\/v2\/product_tag?post=1636"}],"curies":[{"name":"wp","href":"https:\/\/api.w.org\/{rel}","templated":true}]}}