{"id":16385,"date":"2022-11-23T21:25:32","date_gmt":"2022-11-23T21:25:32","guid":{"rendered":"https:\/\/autopecasanhanguera.com.br\/?post_type=product&#038;p=16385"},"modified":"2025-03-21T16:39:42","modified_gmt":"2025-03-21T16:39:42","slug":"maquina-vidro-diant-fox-le-4pt","status":"publish","type":"product","link":"https:\/\/autopecasanhanguera.com.br\/index.php\/product\/maquina-vidro-diant-fox-le-4pt\/","title":{"rendered":"MAQUINA VIDRO DIANT FOX LE 4PT"},"content":{"rendered":"<p>DESCRI\u00c7\u00c3O= MAQUINA VIDRO DIANT FOX LE 4PT C\u00d3DIGO DO FABRICANTE= R-4181E SM MARCA = ZINNI<\/p>\n","protected":false},"excerpt":{"rendered":"<p>DESCRI\u00c7\u00c3O= MAQUINA VIDRO DIANT FOX LE 4PT C\u00d3DIGO DO FABRICANTE= R-4181E SM MARCA = ZINNI<\/p>\n","protected":false},"featured_media":20723,"template":"","meta":{"om_disable_all_campaigns":false,"_monsterinsights_skip_tracking":false,"_monsterinsights_sitenote_active":false,"_monsterinsights_sitenote_note":"","_monsterinsights_sitenote_category":0},"product_cat":[89],"product_tag":[5346],"aioseo_notices":[],"_links":{"self":[{"href":"https:\/\/autopecasanhanguera.com.br\/index.php\/wp-json\/wp\/v2\/product\/16385"}],"collection":[{"href":"https:\/\/autopecasanhanguera.com.br\/index.php\/wp-json\/wp\/v2\/product"}],"about":[{"href":"https:\/\/autopecasanhanguera.com.br\/index.php\/wp-json\/wp\/v2\/types\/product"}],"wp:featuredmedia":[{"embeddable":true,"href":"https:\/\/autopecasanhanguera.com.br\/index.php\/wp-json\/wp\/v2\/media\/20723"}],"wp:attachment":[{"href":"https:\/\/autopecasanhanguera.com.br\/index.php\/wp-json\/wp\/v2\/media?parent=16385"}],"wp:term":[{"taxonomy":"product_cat","embeddable":true,"href":"https:\/\/autopecasanhanguera.com.br\/index.php\/wp-json\/wp\/v2\/product_cat?post=16385"},{"taxonomy":"product_tag","embeddable":true,"href":"https:\/\/autopecasanhanguera.com.br\/index.php\/wp-json\/wp\/v2\/product_tag?post=16385"}],"curies":[{"name":"wp","href":"https:\/\/api.w.org\/{rel}","templated":true}]}}