{"id":16551,"date":"2022-11-23T21:26:25","date_gmt":"2022-11-23T21:26:25","guid":{"rendered":"https:\/\/autopecasanhanguera.com.br\/?post_type=product&#038;p=16551"},"modified":"2023-10-13T17:38:59","modified_gmt":"2023-10-13T17:38:59","slug":"anel-vedacao-ar-cond-compresso","status":"publish","type":"product","link":"https:\/\/autopecasanhanguera.com.br\/index.php\/product\/anel-vedacao-ar-cond-compresso\/","title":{"rendered":"ANEL VEDACAO AR COND COMPRESSO"},"content":{"rendered":"<p>DESCRI\u00c7\u00c3O= ANEL VEDACAO AR COND COMPRESSO C\u00d3DIGO DO FABRICANTE= RC350.079 MARCA = PALUSA<\/p>\n","protected":false},"excerpt":{"rendered":"<p>DESCRI\u00c7\u00c3O= ANEL VEDACAO AR COND COMPRESSO C\u00d3DIGO DO FABRICANTE= RC350.079 MARCA = PALUSA<\/p>\n","protected":false},"featured_media":20560,"template":"","meta":{"om_disable_all_campaigns":false,"_monsterinsights_skip_tracking":false,"_monsterinsights_sitenote_active":false,"_monsterinsights_sitenote_note":"","_monsterinsights_sitenote_category":0},"product_cat":[620],"product_tag":[5119,5118],"aioseo_notices":[],"_links":{"self":[{"href":"https:\/\/autopecasanhanguera.com.br\/index.php\/wp-json\/wp\/v2\/product\/16551"}],"collection":[{"href":"https:\/\/autopecasanhanguera.com.br\/index.php\/wp-json\/wp\/v2\/product"}],"about":[{"href":"https:\/\/autopecasanhanguera.com.br\/index.php\/wp-json\/wp\/v2\/types\/product"}],"wp:featuredmedia":[{"embeddable":true,"href":"https:\/\/autopecasanhanguera.com.br\/index.php\/wp-json\/wp\/v2\/media\/20560"}],"wp:attachment":[{"href":"https:\/\/autopecasanhanguera.com.br\/index.php\/wp-json\/wp\/v2\/media?parent=16551"}],"wp:term":[{"taxonomy":"product_cat","embeddable":true,"href":"https:\/\/autopecasanhanguera.com.br\/index.php\/wp-json\/wp\/v2\/product_cat?post=16551"},{"taxonomy":"product_tag","embeddable":true,"href":"https:\/\/autopecasanhanguera.com.br\/index.php\/wp-json\/wp\/v2\/product_tag?post=16551"}],"curies":[{"name":"wp","href":"https:\/\/api.w.org\/{rel}","templated":true}]}}