{"id":16588,"date":"2022-11-23T21:26:25","date_gmt":"2022-11-23T21:26:25","guid":{"rendered":"https:\/\/autopecasanhanguera.com.br\/?post_type=product&#038;p=16588"},"modified":"2023-10-11T18:42:02","modified_gmt":"2023-10-11T18:42:02","slug":"cabo-freio-mao-punto-1-8-le","status":"publish","type":"product","link":"https:\/\/autopecasanhanguera.com.br\/index.php\/product\/cabo-freio-mao-punto-1-8-le\/","title":{"rendered":"CABO FREIO MAO PUNTO 1.8 LE"},"content":{"rendered":"<p>DESCRI\u00c7\u00c3O= CABO FREIO MAO PUNTO 1.8 LE C\u00d3DIGO DO FABRICANTE= FNM094L MARCA = FANIA<\/p>\n","protected":false},"excerpt":{"rendered":"<p>DESCRI\u00c7\u00c3O= CABO FREIO MAO PUNTO 1.8 LE C\u00d3DIGO DO FABRICANTE= FNM094L MARCA = FANIA<\/p>\n","protected":false},"featured_media":20558,"template":"","meta":{"om_disable_all_campaigns":false,"_monsterinsights_skip_tracking":false,"_monsterinsights_sitenote_active":false,"_monsterinsights_sitenote_note":"","_monsterinsights_sitenote_category":0},"product_cat":[87],"product_tag":[4728,5117],"aioseo_notices":[],"_links":{"self":[{"href":"https:\/\/autopecasanhanguera.com.br\/index.php\/wp-json\/wp\/v2\/product\/16588"}],"collection":[{"href":"https:\/\/autopecasanhanguera.com.br\/index.php\/wp-json\/wp\/v2\/product"}],"about":[{"href":"https:\/\/autopecasanhanguera.com.br\/index.php\/wp-json\/wp\/v2\/types\/product"}],"wp:featuredmedia":[{"embeddable":true,"href":"https:\/\/autopecasanhanguera.com.br\/index.php\/wp-json\/wp\/v2\/media\/20558"}],"wp:attachment":[{"href":"https:\/\/autopecasanhanguera.com.br\/index.php\/wp-json\/wp\/v2\/media?parent=16588"}],"wp:term":[{"taxonomy":"product_cat","embeddable":true,"href":"https:\/\/autopecasanhanguera.com.br\/index.php\/wp-json\/wp\/v2\/product_cat?post=16588"},{"taxonomy":"product_tag","embeddable":true,"href":"https:\/\/autopecasanhanguera.com.br\/index.php\/wp-json\/wp\/v2\/product_tag?post=16588"}],"curies":[{"name":"wp","href":"https:\/\/api.w.org\/{rel}","templated":true}]}}