{"id":16681,"date":"2022-11-23T21:26:30","date_gmt":"2022-11-23T21:26:30","guid":{"rendered":"https:\/\/autopecasanhanguera.com.br\/?post_type=product&#038;p=16681"},"modified":"2023-10-09T20:02:58","modified_gmt":"2023-10-09T20:02:58","slug":"alavanca-haste-passat-banco","status":"publish","type":"product","link":"https:\/\/autopecasanhanguera.com.br\/index.php\/product\/alavanca-haste-passat-banco\/","title":{"rendered":"ALAVANCA HASTE PASSAT BANCO"},"content":{"rendered":"<p>DESCRI\u00c7\u00c3O= ALAVANCA HASTE PASSAT BANCO C\u00d3DIGO DO FABRICANTE= 321881235*43* MARCA = DEVIGILI<\/p>\n","protected":false},"excerpt":{"rendered":"<p>DESCRI\u00c7\u00c3O= ALAVANCA HASTE PASSAT BANCO C\u00d3DIGO DO FABRICANTE= 321881235*43* MARCA = DEVIGILI<\/p>\n","protected":false},"featured_media":20539,"template":"","meta":{"om_disable_all_campaigns":false,"_monsterinsights_skip_tracking":false,"_monsterinsights_sitenote_active":false,"_monsterinsights_sitenote_note":"","_monsterinsights_sitenote_category":0},"product_cat":[205],"product_tag":[5086,5085],"aioseo_notices":[],"_links":{"self":[{"href":"https:\/\/autopecasanhanguera.com.br\/index.php\/wp-json\/wp\/v2\/product\/16681"}],"collection":[{"href":"https:\/\/autopecasanhanguera.com.br\/index.php\/wp-json\/wp\/v2\/product"}],"about":[{"href":"https:\/\/autopecasanhanguera.com.br\/index.php\/wp-json\/wp\/v2\/types\/product"}],"wp:featuredmedia":[{"embeddable":true,"href":"https:\/\/autopecasanhanguera.com.br\/index.php\/wp-json\/wp\/v2\/media\/20539"}],"wp:attachment":[{"href":"https:\/\/autopecasanhanguera.com.br\/index.php\/wp-json\/wp\/v2\/media?parent=16681"}],"wp:term":[{"taxonomy":"product_cat","embeddable":true,"href":"https:\/\/autopecasanhanguera.com.br\/index.php\/wp-json\/wp\/v2\/product_cat?post=16681"},{"taxonomy":"product_tag","embeddable":true,"href":"https:\/\/autopecasanhanguera.com.br\/index.php\/wp-json\/wp\/v2\/product_tag?post=16681"}],"curies":[{"name":"wp","href":"https:\/\/api.w.org\/{rel}","templated":true}]}}