{"id":1674,"date":"2022-11-23T21:10:20","date_gmt":"2022-11-23T21:10:20","guid":{"rendered":"https:\/\/autopecasanhanguera.com.br\/?post_type=product&#038;p=1674"},"modified":"2022-11-23T21:10:20","modified_gmt":"2022-11-23T21:10:20","slug":"eixo-comando-valvula-entrada-a","status":"publish","type":"product","link":"https:\/\/autopecasanhanguera.com.br\/index.php\/product\/eixo-comando-valvula-entrada-a\/","title":{"rendered":"EIXO COMANDO VALVULA ENTRADA A"},"content":{"rendered":"<p>DESCRI\u00c7\u00c3O= EIXO COMANDO VALVULA ENTRADA A C\u00d3DIGO DO FABRICANTE= ZBA819137**43** MARCA = VW<\/p>\n","protected":false},"excerpt":{"rendered":"<p>DESCRI\u00c7\u00c3O= EIXO COMANDO VALVULA ENTRADA A C\u00d3DIGO DO FABRICANTE= ZBA819137**43** MARCA = VW<\/p>\n","protected":false},"featured_media":0,"template":"","meta":{"om_disable_all_campaigns":false,"_monsterinsights_skip_tracking":false,"_monsterinsights_sitenote_active":false,"_monsterinsights_sitenote_note":"","_monsterinsights_sitenote_category":0},"product_cat":[96],"product_tag":[],"aioseo_notices":[],"_links":{"self":[{"href":"https:\/\/autopecasanhanguera.com.br\/index.php\/wp-json\/wp\/v2\/product\/1674"}],"collection":[{"href":"https:\/\/autopecasanhanguera.com.br\/index.php\/wp-json\/wp\/v2\/product"}],"about":[{"href":"https:\/\/autopecasanhanguera.com.br\/index.php\/wp-json\/wp\/v2\/types\/product"}],"wp:attachment":[{"href":"https:\/\/autopecasanhanguera.com.br\/index.php\/wp-json\/wp\/v2\/media?parent=1674"}],"wp:term":[{"taxonomy":"product_cat","embeddable":true,"href":"https:\/\/autopecasanhanguera.com.br\/index.php\/wp-json\/wp\/v2\/product_cat?post=1674"},{"taxonomy":"product_tag","embeddable":true,"href":"https:\/\/autopecasanhanguera.com.br\/index.php\/wp-json\/wp\/v2\/product_tag?post=1674"}],"curies":[{"name":"wp","href":"https:\/\/api.w.org\/{rel}","templated":true}]}}