{"id":16833,"date":"2022-11-23T21:25:45","date_gmt":"2022-11-23T21:25:45","guid":{"rendered":"https:\/\/autopecasanhanguera.com.br\/?post_type=product&#038;p=16833"},"modified":"2023-12-08T16:33:08","modified_gmt":"2023-12-08T16:33:08","slug":"bucha-amort-corsa-tras-inferio","status":"publish","type":"product","link":"https:\/\/autopecasanhanguera.com.br\/index.php\/product\/bucha-amort-corsa-tras-inferio\/","title":{"rendered":"BUCHA AMORT CORSA TRAS INFERIO"},"content":{"rendered":"<p>DESCRI\u00c7\u00c3O= BUCHA AMORT CORSA TRAS INFERIO C\u00d3DIGO DO FABRICANTE= HS2904 MARCA = HS<\/p>\n","protected":false},"excerpt":{"rendered":"<p>DESCRI\u00c7\u00c3O= BUCHA AMORT CORSA TRAS INFERIO C\u00d3DIGO DO FABRICANTE= HS2904 MARCA = HS<\/p>\n","protected":false},"featured_media":20673,"template":"","meta":{"om_disable_all_campaigns":false,"_monsterinsights_skip_tracking":false,"_monsterinsights_sitenote_active":false,"_monsterinsights_sitenote_note":"","_monsterinsights_sitenote_category":0},"product_cat":[92],"product_tag":[4891,5291,4705],"aioseo_notices":[],"_links":{"self":[{"href":"https:\/\/autopecasanhanguera.com.br\/index.php\/wp-json\/wp\/v2\/product\/16833"}],"collection":[{"href":"https:\/\/autopecasanhanguera.com.br\/index.php\/wp-json\/wp\/v2\/product"}],"about":[{"href":"https:\/\/autopecasanhanguera.com.br\/index.php\/wp-json\/wp\/v2\/types\/product"}],"wp:featuredmedia":[{"embeddable":true,"href":"https:\/\/autopecasanhanguera.com.br\/index.php\/wp-json\/wp\/v2\/media\/20673"}],"wp:attachment":[{"href":"https:\/\/autopecasanhanguera.com.br\/index.php\/wp-json\/wp\/v2\/media?parent=16833"}],"wp:term":[{"taxonomy":"product_cat","embeddable":true,"href":"https:\/\/autopecasanhanguera.com.br\/index.php\/wp-json\/wp\/v2\/product_cat?post=16833"},{"taxonomy":"product_tag","embeddable":true,"href":"https:\/\/autopecasanhanguera.com.br\/index.php\/wp-json\/wp\/v2\/product_tag?post=16833"}],"curies":[{"name":"wp","href":"https:\/\/api.w.org\/{rel}","templated":true}]}}