{"id":16855,"date":"2022-11-23T21:26:13","date_gmt":"2022-11-23T21:26:13","guid":{"rendered":"https:\/\/autopecasanhanguera.com.br\/?post_type=product&#038;p=16855"},"modified":"2023-10-21T14:05:21","modified_gmt":"2023-10-21T14:05:21","slug":"filtro-oleo-mt-hilux-3-0","status":"publish","type":"product","link":"https:\/\/autopecasanhanguera.com.br\/index.php\/product\/filtro-oleo-mt-hilux-3-0\/","title":{"rendered":"FILTRO OLEO MT HILUX 3.0"},"content":{"rendered":"<p>DESCRI\u00c7\u00c3O= FILTRO OLEO MT HILUX 3.0 C\u00d3DIGO DO FABRICANTE= W712\/83 MARCA = MANN FILTER<\/p>\n","protected":false},"excerpt":{"rendered":"<p>DESCRI\u00c7\u00c3O= FILTRO OLEO MT HILUX 3.0 C\u00d3DIGO DO FABRICANTE= W712\/83 MARCA = MANN FILTER<\/p>\n","protected":false},"featured_media":20596,"template":"","meta":{"om_disable_all_campaigns":false,"_monsterinsights_skip_tracking":false,"_monsterinsights_sitenote_active":false,"_monsterinsights_sitenote_note":"","_monsterinsights_sitenote_category":0},"product_cat":[135],"product_tag":[4963,5173],"aioseo_notices":[],"_links":{"self":[{"href":"https:\/\/autopecasanhanguera.com.br\/index.php\/wp-json\/wp\/v2\/product\/16855"}],"collection":[{"href":"https:\/\/autopecasanhanguera.com.br\/index.php\/wp-json\/wp\/v2\/product"}],"about":[{"href":"https:\/\/autopecasanhanguera.com.br\/index.php\/wp-json\/wp\/v2\/types\/product"}],"wp:featuredmedia":[{"embeddable":true,"href":"https:\/\/autopecasanhanguera.com.br\/index.php\/wp-json\/wp\/v2\/media\/20596"}],"wp:attachment":[{"href":"https:\/\/autopecasanhanguera.com.br\/index.php\/wp-json\/wp\/v2\/media?parent=16855"}],"wp:term":[{"taxonomy":"product_cat","embeddable":true,"href":"https:\/\/autopecasanhanguera.com.br\/index.php\/wp-json\/wp\/v2\/product_cat?post=16855"},{"taxonomy":"product_tag","embeddable":true,"href":"https:\/\/autopecasanhanguera.com.br\/index.php\/wp-json\/wp\/v2\/product_tag?post=16855"}],"curies":[{"name":"wp","href":"https:\/\/api.w.org\/{rel}","templated":true}]}}