{"id":16934,"date":"2022-11-23T21:25:22","date_gmt":"2022-11-23T21:25:22","guid":{"rendered":"https:\/\/autopecasanhanguera.com.br\/?post_type=product&#038;p=16934"},"modified":"2025-04-09T17:55:20","modified_gmt":"2025-04-09T17:55:20","slug":"presilha-plastica-corola-teto","status":"publish","type":"product","link":"https:\/\/autopecasanhanguera.com.br\/index.php\/product\/presilha-plastica-corola-teto\/","title":{"rendered":"PRESILHA PLASTICA COROLA TETO"},"content":{"rendered":"<p>DESCRI\u00c7\u00c3O= PRESILHA PLASTICA COROLA TETO C\u00d3DIGO DO FABRICANTE= 7556152020 MARCA = ORIGINAL<\/p>\n","protected":false},"excerpt":{"rendered":"<p>DESCRI\u00c7\u00c3O= PRESILHA PLASTICA COROLA TETO C\u00d3DIGO DO FABRICANTE= 7556152020 MARCA = ORIGINAL<\/p>\n","protected":false},"featured_media":20761,"template":"","meta":{"om_disable_all_campaigns":false,"_monsterinsights_skip_tracking":false,"_monsterinsights_sitenote_active":false,"_monsterinsights_sitenote_note":"","_monsterinsights_sitenote_category":0},"product_cat":[89],"product_tag":[5371],"aioseo_notices":[],"_links":{"self":[{"href":"https:\/\/autopecasanhanguera.com.br\/index.php\/wp-json\/wp\/v2\/product\/16934"}],"collection":[{"href":"https:\/\/autopecasanhanguera.com.br\/index.php\/wp-json\/wp\/v2\/product"}],"about":[{"href":"https:\/\/autopecasanhanguera.com.br\/index.php\/wp-json\/wp\/v2\/types\/product"}],"wp:featuredmedia":[{"embeddable":true,"href":"https:\/\/autopecasanhanguera.com.br\/index.php\/wp-json\/wp\/v2\/media\/20761"}],"wp:attachment":[{"href":"https:\/\/autopecasanhanguera.com.br\/index.php\/wp-json\/wp\/v2\/media?parent=16934"}],"wp:term":[{"taxonomy":"product_cat","embeddable":true,"href":"https:\/\/autopecasanhanguera.com.br\/index.php\/wp-json\/wp\/v2\/product_cat?post=16934"},{"taxonomy":"product_tag","embeddable":true,"href":"https:\/\/autopecasanhanguera.com.br\/index.php\/wp-json\/wp\/v2\/product_tag?post=16934"}],"curies":[{"name":"wp","href":"https:\/\/api.w.org\/{rel}","templated":true}]}}