{"id":17152,"date":"2022-11-23T21:26:18","date_gmt":"2022-11-23T21:26:18","guid":{"rendered":"https:\/\/autopecasanhanguera.com.br\/?post_type=product&#038;p=17152"},"modified":"2023-10-19T19:53:20","modified_gmt":"2023-10-19T19:53:20","slug":"filtro-comb-gol-2-ponta-grossa","status":"publish","type":"product","link":"https:\/\/autopecasanhanguera.com.br\/index.php\/product\/filtro-comb-gol-2-ponta-grossa\/","title":{"rendered":"FILTRO COMB GOL 2 PONTA GROSSA"},"content":{"rendered":"<p>DESCRI\u00c7\u00c3O= FILTRO COMB GOL 2 PONTA GROSSA C\u00d3DIGO DO FABRICANTE= FCI1620 WK730\/4 MARCA = MANN FILTER<\/p>\n","protected":false},"excerpt":{"rendered":"<p>DESCRI\u00c7\u00c3O= FILTRO COMB GOL 2 PONTA GROSSA C\u00d3DIGO DO FABRICANTE= FCI1620 WK730\/4 MARCA = MANN FILTER<\/p>\n","protected":false},"featured_media":20580,"template":"","meta":{"om_disable_all_campaigns":false,"_monsterinsights_skip_tracking":false,"_monsterinsights_sitenote_active":false,"_monsterinsights_sitenote_note":"","_monsterinsights_sitenote_category":0},"product_cat":[135],"product_tag":[5145,5144,4714],"aioseo_notices":[],"_links":{"self":[{"href":"https:\/\/autopecasanhanguera.com.br\/index.php\/wp-json\/wp\/v2\/product\/17152"}],"collection":[{"href":"https:\/\/autopecasanhanguera.com.br\/index.php\/wp-json\/wp\/v2\/product"}],"about":[{"href":"https:\/\/autopecasanhanguera.com.br\/index.php\/wp-json\/wp\/v2\/types\/product"}],"wp:featuredmedia":[{"embeddable":true,"href":"https:\/\/autopecasanhanguera.com.br\/index.php\/wp-json\/wp\/v2\/media\/20580"}],"wp:attachment":[{"href":"https:\/\/autopecasanhanguera.com.br\/index.php\/wp-json\/wp\/v2\/media?parent=17152"}],"wp:term":[{"taxonomy":"product_cat","embeddable":true,"href":"https:\/\/autopecasanhanguera.com.br\/index.php\/wp-json\/wp\/v2\/product_cat?post=17152"},{"taxonomy":"product_tag","embeddable":true,"href":"https:\/\/autopecasanhanguera.com.br\/index.php\/wp-json\/wp\/v2\/product_tag?post=17152"}],"curies":[{"name":"wp","href":"https:\/\/api.w.org\/{rel}","templated":true}]}}