{"id":17198,"date":"2022-11-23T21:25:21","date_gmt":"2022-11-23T21:25:21","guid":{"rendered":"https:\/\/autopecasanhanguera.com.br\/?post_type=product&#038;p=17198"},"modified":"2025-04-23T18:13:42","modified_gmt":"2025-04-23T18:13:42","slug":"bujao-carter-gol-g5-voy-audi-a","status":"publish","type":"product","link":"https:\/\/autopecasanhanguera.com.br\/index.php\/product\/bujao-carter-gol-g5-voy-audi-a\/","title":{"rendered":"BUJAO CARTER GOL G5 VOY AUDI A"},"content":{"rendered":"<p>DESCRI\u00c7\u00c3O= BUJAO CARTER GOL G5 VOY AUDI A C\u00d3DIGO DO FABRICANTE= 2100746BRASIL COMP MARCA = BRASIL COMPONENTES A<\/p>\n","protected":false},"excerpt":{"rendered":"<p>DESCRI\u00c7\u00c3O= BUJAO CARTER GOL G5 VOY AUDI A C\u00d3DIGO DO FABRICANTE= 2100746BRASIL COMP MARCA = BRASIL COMPONENTES A<\/p>\n","protected":false},"featured_media":20768,"template":"","meta":{"om_disable_all_campaigns":false,"_monsterinsights_skip_tracking":false,"_monsterinsights_sitenote_active":false,"_monsterinsights_sitenote_note":"","_monsterinsights_sitenote_category":0},"product_cat":[96],"product_tag":[5376],"aioseo_notices":[],"_links":{"self":[{"href":"https:\/\/autopecasanhanguera.com.br\/index.php\/wp-json\/wp\/v2\/product\/17198"}],"collection":[{"href":"https:\/\/autopecasanhanguera.com.br\/index.php\/wp-json\/wp\/v2\/product"}],"about":[{"href":"https:\/\/autopecasanhanguera.com.br\/index.php\/wp-json\/wp\/v2\/types\/product"}],"wp:featuredmedia":[{"embeddable":true,"href":"https:\/\/autopecasanhanguera.com.br\/index.php\/wp-json\/wp\/v2\/media\/20768"}],"wp:attachment":[{"href":"https:\/\/autopecasanhanguera.com.br\/index.php\/wp-json\/wp\/v2\/media?parent=17198"}],"wp:term":[{"taxonomy":"product_cat","embeddable":true,"href":"https:\/\/autopecasanhanguera.com.br\/index.php\/wp-json\/wp\/v2\/product_cat?post=17198"},{"taxonomy":"product_tag","embeddable":true,"href":"https:\/\/autopecasanhanguera.com.br\/index.php\/wp-json\/wp\/v2\/product_tag?post=17198"}],"curies":[{"name":"wp","href":"https:\/\/api.w.org\/{rel}","templated":true}]}}