{"id":1728,"date":"2022-11-23T21:10:29","date_gmt":"2022-11-23T21:10:29","guid":{"rendered":"https:\/\/autopecasanhanguera.com.br\/?post_type=product&#038;p=1728"},"modified":"2022-11-23T21:10:30","modified_gmt":"2022-11-23T21:10:30","slug":"cilindro-freio-roda-tras-gol","status":"publish","type":"product","link":"https:\/\/autopecasanhanguera.com.br\/index.php\/product\/cilindro-freio-roda-tras-gol\/","title":{"rendered":"CILINDRO FREIO RODA TRAS GOL"},"content":{"rendered":"<p>DESCRI\u00c7\u00c3O= CILINDRO FREIO RODA TRAS GOL C\u00d3DIGO DO FABRICANTE= CR2002*43*4UN EXX* MARCA = PECA+<\/p>\n","protected":false},"excerpt":{"rendered":"<p>DESCRI\u00c7\u00c3O= CILINDRO FREIO RODA TRAS GOL C\u00d3DIGO DO FABRICANTE= CR2002*43*4UN EXX* MARCA = PECA+<\/p>\n","protected":false},"featured_media":0,"template":"","meta":{"om_disable_all_campaigns":false,"_monsterinsights_skip_tracking":false,"_monsterinsights_sitenote_active":false,"_monsterinsights_sitenote_note":"","_monsterinsights_sitenote_category":0},"product_cat":[99],"product_tag":[],"aioseo_notices":[],"_links":{"self":[{"href":"https:\/\/autopecasanhanguera.com.br\/index.php\/wp-json\/wp\/v2\/product\/1728"}],"collection":[{"href":"https:\/\/autopecasanhanguera.com.br\/index.php\/wp-json\/wp\/v2\/product"}],"about":[{"href":"https:\/\/autopecasanhanguera.com.br\/index.php\/wp-json\/wp\/v2\/types\/product"}],"wp:attachment":[{"href":"https:\/\/autopecasanhanguera.com.br\/index.php\/wp-json\/wp\/v2\/media?parent=1728"}],"wp:term":[{"taxonomy":"product_cat","embeddable":true,"href":"https:\/\/autopecasanhanguera.com.br\/index.php\/wp-json\/wp\/v2\/product_cat?post=1728"},{"taxonomy":"product_tag","embeddable":true,"href":"https:\/\/autopecasanhanguera.com.br\/index.php\/wp-json\/wp\/v2\/product_tag?post=1728"}],"curies":[{"name":"wp","href":"https:\/\/api.w.org\/{rel}","templated":true}]}}