{"id":17294,"date":"2022-11-23T21:25:18","date_gmt":"2022-11-23T21:25:18","guid":{"rendered":"https:\/\/autopecasanhanguera.com.br\/?post_type=product&#038;p=17294"},"modified":"2025-04-25T18:33:28","modified_gmt":"2025-04-25T18:33:28","slug":"mangueira-respiro-oleo-gol-16","status":"publish","type":"product","link":"https:\/\/autopecasanhanguera.com.br\/index.php\/product\/mangueira-respiro-oleo-gol-16\/","title":{"rendered":"MANGUEIRA RESPIRO OLEO GOL 1,6"},"content":{"rendered":"<p>DESCRI\u00c7\u00c3O= MANGUEIRA RESPIRO OLEO GOL 1,6 C\u00d3DIGO DO FABRICANTE= 2752506*43*PEUA* MARCA = NEW<\/p>\n","protected":false},"excerpt":{"rendered":"<p>DESCRI\u00c7\u00c3O= MANGUEIRA RESPIRO OLEO GOL 1,6 C\u00d3DIGO DO FABRICANTE= 2752506*43*PEUA* MARCA = NEW<\/p>\n","protected":false},"featured_media":20778,"template":"","meta":{"om_disable_all_campaigns":false,"_monsterinsights_skip_tracking":false,"_monsterinsights_sitenote_active":false,"_monsterinsights_sitenote_note":"","_monsterinsights_sitenote_category":0},"product_cat":[109],"product_tag":[5383],"aioseo_notices":[],"_links":{"self":[{"href":"https:\/\/autopecasanhanguera.com.br\/index.php\/wp-json\/wp\/v2\/product\/17294"}],"collection":[{"href":"https:\/\/autopecasanhanguera.com.br\/index.php\/wp-json\/wp\/v2\/product"}],"about":[{"href":"https:\/\/autopecasanhanguera.com.br\/index.php\/wp-json\/wp\/v2\/types\/product"}],"wp:featuredmedia":[{"embeddable":true,"href":"https:\/\/autopecasanhanguera.com.br\/index.php\/wp-json\/wp\/v2\/media\/20778"}],"wp:attachment":[{"href":"https:\/\/autopecasanhanguera.com.br\/index.php\/wp-json\/wp\/v2\/media?parent=17294"}],"wp:term":[{"taxonomy":"product_cat","embeddable":true,"href":"https:\/\/autopecasanhanguera.com.br\/index.php\/wp-json\/wp\/v2\/product_cat?post=17294"},{"taxonomy":"product_tag","embeddable":true,"href":"https:\/\/autopecasanhanguera.com.br\/index.php\/wp-json\/wp\/v2\/product_tag?post=17294"}],"curies":[{"name":"wp","href":"https:\/\/api.w.org\/{rel}","templated":true}]}}